{"id":920,"date":"2018-01-17T08:07:02","date_gmt":"2018-01-17T06:07:02","guid":{"rendered":"http:\/\/basicsforlife.de\/?page_id=920"},"modified":"2020-09-27T07:45:55","modified_gmt":"2020-09-27T05:45:55","slug":"dynamischeaufstellungen-mtk","status":"publish","type":"page","link":"https:\/\/www.basicsforlife.de\/Hofheim\/dynamischeaufstellungen-mtk\/","title":{"rendered":"Dynamische Aufstellungen"},"content":{"rendered":"<p><span style=\"color: #361b02;\"><em><strong>Familien- oder Systemaufstellungen<\/strong><\/em><\/span><\/p>\n<p><span style=\"color: #361b02;\">Jedes System, sei es das Familiensystem oder die Firma in der Du arbeitest, wirkt in Deinem Feld. Bei dem einen zeigt es sich st\u00e4rker, weil die Resonanz st\u00e4rker ist, bei dem anderen zeigt es sich schw\u00e4cher, weil es weniger Resonanz mit dem eigenen Feld hat. Au\u00dferdem kommt es immer auf die St\u00e4rke der Problematik im System an. Nat\u00fcrlich geht es nicht nur um Familien- und Arbeitssysteme, sondern generell auch um die Gesellschaft in der wir leben. So macht es z.B. auch Sinn, auf diese Art und Weise das \u00fcbergeordnete System in eine harmonische Balance zu bringen.<\/span><\/p>\n<p><span style=\"color: #361b02;\">Was kann man beispielsweise alles aufstellen?<\/span><\/p>\n<ul>\n<li><span style=\"color: #361b02;\">Familiensysteme<\/span><\/li>\n<li><span style=\"color: #361b02;\">die Arbeitsstelle<\/span><\/li>\n<li><span style=\"color: #361b02;\">diverse Problematiken (z. B. mit Kindern oder Ex-Partnern) und ihre Facetten<\/span><\/li>\n<li><span style=\"color: #361b02;\">Traumen<\/span><\/li>\n<li><span style=\"color: #361b02;\">Krankheiten<\/span><\/li>\n<li><span style=\"color: #361b02;\">mangelnder Erfolg<\/span><\/li>\n<li><span style=\"color: #361b02;\">Selbstliebe<\/span><\/li>\n<\/ul>\n<p><span style=\"color: #361b02;\">In manchen F\u00e4llen macht es Sinn, ein einzelnes Problem mit all seinen Details aufzustellen, um die unterbewusste Dynamik sichtbar zu machen und ins Bewusstsein zu holen.\u00a0<\/span><\/p>\n<p><span style=\"color: #361b02;\">Folgende Aufstellungen bieten wir zur Zeit an einzelnen Aufstellungstagen in Hofheim am Taunus an.\u00a0<\/span><\/p>\n<p><span style=\"color: #361b02;\"><em><strong>Dynamische Aufstellung<\/strong><\/em><\/span><\/p>\n<p><span style=\"color: #361b02;\">Bei der dynamischen Familienaufstellung geht es darum, tiefer ins Gef\u00fchl zu gehen und die Widerst\u00e4nde und Blockaden auf eine andere Art und Weise zu \u00fcberwinden, um den anderen wieder (oder noch mehr) ins eigene Leben hineinzulassen. Eine sehr heilsame Form auch f\u00fcr Paare. Es werden in der Regel nicht nur Personen sondern auch Seelenanteile gestellt oder die eigene Person zum Zeitpunkt eines Traumas sowie heilsame Kr\u00e4fte.<\/span><\/p>\n<p><span style=\"color: #361b02;\"><em><strong>Energetische Aufstellung<\/strong><\/em><\/span><\/p>\n<p><span style=\"color: #361b02;\">Die energetische Aufstellung nimmt alle mit ins Boot, so dass alle Personen die aufgestellt werden, den eigenen Anteil, d.h. warum sie genau f\u00fcr diese Person standen und was es mit ihnen selbst zu tun hat, l\u00f6sen k\u00f6nnen. Somit erfolgt eine L\u00f6sung f\u00fcr ALLE ( f\u00fcr das System des Aufstellenden, f\u00fcr den Aufstellenden und f\u00fcr alle, die stellvertretend f\u00fcr andere standen). Wie weit es dar\u00fcber hinaus wirkt, kann ich momentan nicht genau fassen, aber ich bin mir sehr sicher, dass es wie die `Basics for Life\u00b4 Grundtechnik dar\u00fcber hinaus wirkt.<\/span><\/p>\n<p><span style=\"color: #361b02;\">Ich pers\u00f6nlich liebe beide Varianten, da sie auf unterschiedliche Arten wirken. Es geht immer darum, etwas in Einklang, in die Harmonie zu bringen.\u00a0<\/span><\/p>\n<p><span style=\"color: #361b02;\">Hier geht es zu <a style=\"color: #361b02;\" href=\"https:\/\/www.basicsforlife.de\/Hofheim\/termine\/\" target=\"_blank\" rel=\"noopener noreferrer\">Terminen, Preisen und zur Anmeldung<\/a>.<\/span><\/p>\n","protected":false},"excerpt":{"rendered":"<p>Familien- oder Systemaufstellungen Jedes System, sei es das Familiensystem oder die Firma in der Du arbeitest, wirkt in Deinem Feld. Bei dem einen zeigt es sich st\u00e4rker, weil die Resonanz st\u00e4rker ist, bei dem anderen zeigt es sich schw\u00e4cher, weil &hellip; <a href=\"https:\/\/www.basicsforlife.de\/Hofheim\/dynamischeaufstellungen-mtk\/\">Weiterlesen <span class=\"meta-nav\">&rarr;<\/span><\/a><\/p>\n","protected":false},"author":2,"featured_media":0,"parent":0,"menu_order":0,"comment_status":"closed","ping_status":"closed","template":"","meta":{"footnotes":""},"class_list":["post-920","page","type-page","status-publish","hentry"],"_links":{"self":[{"href":"https:\/\/www.basicsforlife.de\/Hofheim\/wp-json\/wp\/v2\/pages\/920","targetHints":{"allow":["GET"]}}],"collection":[{"href":"https:\/\/www.basicsforlife.de\/Hofheim\/wp-json\/wp\/v2\/pages"}],"about":[{"href":"https:\/\/www.basicsforlife.de\/Hofheim\/wp-json\/wp\/v2\/types\/page"}],"author":[{"embeddable":true,"href":"https:\/\/www.basicsforlife.de\/Hofheim\/wp-json\/wp\/v2\/users\/2"}],"replies":[{"embeddable":true,"href":"https:\/\/www.basicsforlife.de\/Hofheim\/wp-json\/wp\/v2\/comments?post=920"}],"version-history":[{"count":12,"href":"https:\/\/www.basicsforlife.de\/Hofheim\/wp-json\/wp\/v2\/pages\/920\/revisions"}],"predecessor-version":[{"id":1900,"href":"https:\/\/www.basicsforlife.de\/Hofheim\/wp-json\/wp\/v2\/pages\/920\/revisions\/1900"}],"wp:attachment":[{"href":"https:\/\/www.basicsforlife.de\/Hofheim\/wp-json\/wp\/v2\/media?parent=920"}],"curies":[{"name":"wp","href":"https:\/\/api.w.org\/{rel}","templated":true}]}}