{"id":91,"date":"2016-08-10T22:45:23","date_gmt":"2016-08-10T20:45:23","guid":{"rendered":"http:\/\/basicsforlife.de\/?page_id=91"},"modified":"2023-07-03T13:28:12","modified_gmt":"2023-07-03T11:28:12","slug":"coachingworkshops","status":"publish","type":"page","link":"https:\/\/www.basicsforlife.de\/Hofheim\/coachingworkshops\/","title":{"rendered":"Workshops f\u00fcr Deinen Prozess"},"content":{"rendered":"<p><span style=\"color: #361b02;\">Die Workshops\u00a0sind unabh\u00e4ngig von der Ausbildung, aber genau wie in allen Ausbildungsmodulen, geht es in erster Linie um Deinen Prozess!<\/span><\/p>\n<p><span style=\"color: #361b02;\">Sie sind eine wunderbare M\u00f6glichkeit, uns kennenzulernen!\u00a0<\/span><\/p>\n<p><span style=\"color: #361b02;\">Du kannst dort genau die Themen bearbeiten, die Dich momentan am meisten besch\u00e4ftigen.\u00a0<\/span><\/p>\n<p><span style=\"color: #361b02;\">Wir haben verschiedene Varianten: <\/span><\/p>\n<ul>\n<li><span style=\"color: #361b02;\">&#8222;<a href=\"https:\/\/www.basicsforlife.de\/Hofheim\/coachingworkshop_lebeninleichtigkeit\/\" target=\"_blank\" rel=\"noopener\">Leben in Leichtigkeit<\/a>&#8222;-Workshop<a style=\"color: #361b02;\" href=\"https:\/\/www.basicsforlife.de\/Hofheim\/coachingworkshop_lebeninleichtigkeit\/\" target=\"_blank\" rel=\"noopener\">s<\/a>\u00a0in Hofheim am Taunus<\/span><\/li>\n<li>Stille Seminare<\/li>\n<li>Dynamische Aufstellungen<\/li>\n<li><span style=\"color: #361b02;\">und die Seminare im S\u00fcden.<\/span><\/li>\n<\/ul>\n<p><span style=\"color: #361b02;\"><br \/>Die Arbeit in den Gruppen ist eine Potenzierung der M\u00f6glichkeiten einer Einzelsitzung. Denn durch Themen der anderen kannst Du das eigene Leben reflektieren und L\u00f6sungsans\u00e4tze auf Dich \u00fcbertragen: Die Gruppendynamik\u00a0kann &#8222;Blinde Flecken&#8220; im eigenen Leben aufdecken und durch die Bewusstwerdung L\u00f6sungsans\u00e4tze herbeif\u00fchren.<\/span><\/p>\n<p><span style=\"color: #361b02;\">Viele haben Angst vor dem was aufgedeckt werden kann. Das kann ich total nachvollziehen, aber ich kann nur sagen, genau das aufzudecken, ist eine enorme Chance, dass sich im Leben etwas komplett dreht.\u00a0<\/span><\/p>\n<p><span style=\"color: #361b02;\">Alle Workshops sind sehr intensiv. F\u00fcr manche ist es genau richtig, ein f\u00fcnft\u00e4giges Seminar zu besuchen, da sie von zuhause weg sind und so der Prozess mit einem gewissen Abstand zum\u00a0Alltag noch tiefer erlebt\u00a0werden kann. Bei den Seminaren im Ausland ist nat\u00fcrlich auch ein bisschen Urlaub erlaubt.\u00a0<\/span><\/p>\n<p><span style=\"color: #361b02;\">Wenn Du bereit bist, Deine pers\u00f6nliche Entwicklung voran zu bringen, bist Du hier genau richtig. Es ist nur wichtig, f\u00fcr den Prozess offen zu sein.<\/span><\/p>\n<p><span style=\"color: #361b02;\">Wir bieten folgende Workshops an:<\/span><\/p>\n<ul>\n<li><span style=\"color: #361b02;\"><a href=\"https:\/\/www.basicsforlife.de\/coachingworkshop_lebeninleichtigkeit\/\" target=\"_blank\" rel=\"noopener\"><em>Leben in Leichtigkeit Workshops\u00a0<\/em><\/a><\/span><\/li>\n<li><span style=\"color: #361b02;\"><a href=\"https:\/\/www.basicsforlife.de\/achtsamkeit-selbsfindung-meditation-energiearbeit-seminare-in-griechenland\/\" target=\"_blank\" rel=\"noopener\"><em>Dein Weg zu Dir selbst!<\/em><\/a><\/span><\/li>\n<li><span style=\"color: #361b02;\"><a style=\"color: #361b02;\" href=\"http:\/\/basicsforlife.de\/achtsamkeit-selbsfindung-meditation-energiearbeit-seminare-auf-sizilien\/\" target=\"_blank\" rel=\"noopener\"><em>Dein Weg zur inneren Freiheit!<\/em><\/a><\/span><\/li>\n<li><a href=\"https:\/\/www.basicsforlife.de\/das-wunder-der-stille\/\">Das Wunder der Stille\u00a0<\/a><\/li>\n<li><a href=\"https:\/\/www.basicsforlife.de\/familien-und-systemaufstellungen-hofheim-main-taunus-kreis\/\" target=\"_blank\" rel=\"noopener\">Dynamische Aufstellung<\/a><\/li>\n<\/ul>\n<p><span style=\"color: #361b02;\">Die &#8222;Leben in Leichtigkeit&#8220; sowie die <a href=\"https:\/\/www.basicsforlife.de\/familien-und-systemaufstellungen-hofheim-main-taunus-kreis\/\" target=\"_blank\" rel=\"noopener\">Dynamischen Aufstellungs<\/a>-Workshops finden in der Regel in Hofheim am Taunus statt, die anderen Workshops finden als Urlaubsseminar im S\u00fcden Europas statt.<\/span><\/p>\n<p><span style=\"color: #361b02;\">Die Urlaubsseminare sind ebenfalls eine gute Gelegenheit f\u00fcr Alleinreisende, denn Du wirst die anderen Teilnehmer der Gruppe in jedem Fall n\u00e4her kennenlernen und das `get together\u00b4 ist ein wundervoller Bestandteil der Urlaubsseminare. \u00a0\u00a0<\/span><\/p>\n<p><span style=\"color: #361b02;\">Hier geht es zu den<em style=\"color: #800080;\">\u00a0<a href=\"https:\/\/www.basicsforlife.de\/Hofheim\/termine-energiearbeit\/\" target=\"_blank\" rel=\"noopener\">Terminen und Preisen.<\/a><\/em><\/span><\/p>\n<p><span style=\"color: #361b02;\">Und hier geht es zur<em style=\"color: #800080;\">\u00a0<a href=\"https:\/\/www.basicsforlife.de\/Hofheim\/anmeldung-basics-for-life\/\" target=\"_blank\" rel=\"noopener\">Anmeldung.<\/a><\/em><\/span><\/p>\n<p><span style=\"color: #361b02;\">Wenn Du Fragen zu den Workshops hast, kannst Du gerne per\u00a0Mail Kontakt mit uns aufnehmen.\u00a0<\/span><\/p>\n<p><span style=\"color: #361b02;\">Wir freuen uns, Dich auf einer Deiner wichtigsten Reisen zu begleiten:\u00a0<strong>Die Reise zu Dir selbst!<\/strong><\/span><\/p>\n<p><span style=\"color: #361b02;\"><strong>Dein &#8222;Basics for Life&#8220;-Team<\/strong><\/span><\/p>\n\n\n<p><\/p>\n","protected":false},"excerpt":{"rendered":"<p>Die Workshops\u00a0sind unabh\u00e4ngig von der Ausbildung, aber genau wie in allen Ausbildungsmodulen, geht es in erster Linie um Deinen Prozess! Sie sind eine wunderbare M\u00f6glichkeit, uns kennenzulernen!\u00a0 Du kannst dort genau die Themen bearbeiten, die Dich momentan am meisten besch\u00e4ftigen.\u00a0 &hellip; <a href=\"https:\/\/www.basicsforlife.de\/Hofheim\/coachingworkshops\/\">Weiterlesen <span class=\"meta-nav\">&rarr;<\/span><\/a><\/p>\n","protected":false},"author":2,"featured_media":0,"parent":0,"menu_order":0,"comment_status":"closed","ping_status":"closed","template":"","meta":{"footnotes":""},"class_list":["post-91","page","type-page","status-publish","hentry"],"_links":{"self":[{"href":"https:\/\/www.basicsforlife.de\/Hofheim\/wp-json\/wp\/v2\/pages\/91","targetHints":{"allow":["GET"]}}],"collection":[{"href":"https:\/\/www.basicsforlife.de\/Hofheim\/wp-json\/wp\/v2\/pages"}],"about":[{"href":"https:\/\/www.basicsforlife.de\/Hofheim\/wp-json\/wp\/v2\/types\/page"}],"author":[{"embeddable":true,"href":"https:\/\/www.basicsforlife.de\/Hofheim\/wp-json\/wp\/v2\/users\/2"}],"replies":[{"embeddable":true,"href":"https:\/\/www.basicsforlife.de\/Hofheim\/wp-json\/wp\/v2\/comments?post=91"}],"version-history":[{"count":26,"href":"https:\/\/www.basicsforlife.de\/Hofheim\/wp-json\/wp\/v2\/pages\/91\/revisions"}],"predecessor-version":[{"id":2680,"href":"https:\/\/www.basicsforlife.de\/Hofheim\/wp-json\/wp\/v2\/pages\/91\/revisions\/2680"}],"wp:attachment":[{"href":"https:\/\/www.basicsforlife.de\/Hofheim\/wp-json\/wp\/v2\/media?parent=91"}],"curies":[{"name":"wp","href":"https:\/\/api.w.org\/{rel}","templated":true}]}}