{"id":61,"date":"2016-08-10T21:05:59","date_gmt":"2016-08-10T19:05:59","guid":{"rendered":"http:\/\/basicsforlife.de\/?page_id=61"},"modified":"2022-10-15T18:15:12","modified_gmt":"2022-10-15T16:15:12","slug":"impressum","status":"publish","type":"page","link":"https:\/\/www.basicsforlife.de\/Hofheim\/impressum\/","title":{"rendered":"Impressum"},"content":{"rendered":"<div class=\"entry-content\">\n<div class=\"art-sheet clearfix\">\n<div class=\"art-layout-wrapper clearfix\">\n<div class=\"art-content-layout\">\n<div class=\"art-content-layout-row\">\n<div class=\"art-layout-cell art-content clearfix\">\n<article id=\"post-576\" class=\"art-post art-article post-576 page type-page status-publish hentry\">\n<h1 class=\"art-postheader\"><span style=\"color: #361b02;\">Verantwortlich i.S.d. \u00a7\u00a7 2, 5 TMG und Redaktion<\/span><\/h1>\n<div class=\"art-postcontent clearfix\">\n<p><span style=\"color: #361b02;\">Alexandra H\u00f6f<\/span><br \/><span style=\"color: #361b02;\"> Hauptstra\u00dfe 39 &#8211; 41<\/span><br \/><span style=\"color: #361b02;\"> 65719 Hofheim<\/span><br \/><span style=\"color: #361b02;\"> Tel. 06192 9224247<\/span><\/p>\n<p><span style=\"color: #361b02;\"><a style=\"color: #361b02;\">kontakt [at] basicsforlife [dot] de<\/a><\/span><\/p>\n<h2><span style=\"color: #361b02;\">Haftungsausschluss<\/span><\/h2>\n<p><span style=\"color: #361b02;\">Die Inhalte meiner Seiten wurden mit gr\u00f6\u00dfter Sorgfalt erstellt. F\u00fcr die Richtigkeit, Vollst\u00e4ndigkeit und Aktualit\u00e4t der Inhalte kann ich jedoch keine Gew\u00e4hr \u00fcbernehmen. Als Diensteanbieter bin ich gem\u00e4\u00df \u00a7 7 Abs.1 TMG f\u00fcr eigene Inhalte auf diesen Seiten nach den allgemeinen Gesetzen verantwortlich. Nach \u00a7\u00a7 8 bis 10 TMG bin ich als Diensteanbieter jedoch nicht verpflichtet, \u00fcbermittelte oder gespeicherte fremde Informationen zu \u00fcberwachen oder nach Umst\u00e4nden zu forschen, die auf eine rechtswidrige T\u00e4tigkeit hinweisen. Verpflichtungen zur Entfernung oder Sperrung der Nutzung von Informationen nach den allgemeinen Gesetzen bleiben hiervon unber\u00fchrt. Eine diesbez\u00fcgliche Haftung ist jedoch erst ab dem Zeitpunkt der Kenntnis einer konkreten Rechtsverletzung m\u00f6glich. Bei Bekanntwerden von entsprechenden Rechtsverletzungen werden wir diese Inhalte umgehend entfernen.<\/span><\/p>\n<h2><span style=\"color: #361b02;\">Haftung f\u00fcr Links<\/span><\/h2>\n<p><span style=\"color: #361b02;\">Mein Angebot enth\u00e4lt Links zu externen Webseiten Dritter, auf deren Inhalte ich keinen Einfluss habe. Deshalb kann ich f\u00fcr diese fremden Inhalte auch keine Gew\u00e4hr \u00fcbernehmen. F\u00fcr die Inhalte der verlinkten Seiten ist stets der jeweilige Anbieter oder Betreiber der Seiten verantwortlich. Die verlinkten Seiten wurden zum Zeitpunkt der Verlinkung auf m\u00f6gliche Rechtsverst\u00f6\u00dfe \u00fcberpr\u00fcft. Rechtswidrige Inhalte waren zum Zeitpunkt der Verlinkung nicht erkennbar. Eine permanente inhaltliche Kontrolle der verlinkten Seiten ist jedoch ohne konkrete Anhaltspunkte einer Rechtsverletzung nicht zumutbar. Bei Bekanntwerden von Rechtsverletzungen werden wir derartige Links umgehend entfernen.<\/span><\/p>\n<h2><span style=\"color: #361b02;\">Urheberrecht<\/span><\/h2>\n<p><span style=\"color: #361b02;\">Die durch die Seitenbetreiber erstellten Inhalte und Werke auf diesen Seiten unterliegen dem deutschen Urheberrecht. Die Vervielf\u00e4ltigung, Bearbeitung, Verbreitung und jede Art der Verwertung au\u00dferhalb der Grenzen des Urheberrechtes bed\u00fcrfen der schriftlichen Zustimmung des jeweiligen Autors bzw. Erstellers. Downloads und Kopien dieser Seite sind nur f\u00fcr den privaten, nicht kommerziellen Gebrauch gestattet. Soweit die Inhalte auf dieser Seite nicht vom Betreiber erstellt wurden, werden die Urheberrechte Dritter beachtet. Insbesondere werden Inhalte Dritter als solche gekennzeichnet. Sollten Sie trotzdem auf eine Urheberrechtsverletzung aufmerksam werden, bitte ich um einen entsprechenden Hinweis. Bei Bekanntwerden von Rechtsverletzungen werde ich derartige Inhalte umgehend entfernen.<\/span><\/p>\n<h2><span style=\"color: #361b02;\">Datenschutz<\/span><\/h2>\n<p><span style=\"color: #361b02;\">Die Nutzung meiner Webseite ist in der Regel ohne Angabe personenbezogener Daten m\u00f6glich. Soweit auf meinen Seiten personenbezogene Daten (beispielsweise Name, Anschrift oder eMail-Adressen) erhoben werden, erfolgt dies, soweit m\u00f6glich, stets auf freiwilliger Basis. Diese Daten werden ohne Ihre ausdr\u00fcckliche Zustimmung nicht an Dritte weitergegeben.<\/span><\/p>\n<p><span style=\"color: #361b02;\">Ich weise darauf hin, dass die Daten\u00fcbertragung im Internet (z.B. bei der Kommunikation per E-Mail) Sicherheitsl\u00fccken aufweisen kann. Ein l\u00fcckenloser Schutz der Daten vor dem Zugriff durch Dritte ist nicht m\u00f6glich.<\/span><\/p>\n<p><span style=\"color: #361b02;\">Der Nutzung von im Rahmen der Impressumspflicht ver\u00f6ffentlichten Kontaktdaten durch Dritte zur \u00dcbersendung von nicht ausdr\u00fccklich angeforderter Werbung und Informationsmaterialien wird hiermit ausdr\u00fccklich widersprochen. Die Betreiberin der Seiten beh\u00e4lt sich ausdr\u00fccklich rechtliche Schritte im Falle der unverlangten Zusendung von Werbeinformationen, etwa durch Spam-Mails, vor.<\/span><\/p>\n<h2><span style=\"color: #361b02;\">Cookies<\/span><\/h2>\n<p><span style=\"color: #361b02;\">Auf der Kontaktseite verwendet die Seite kleine Textdateien, die auf Ihrem Rechner abgelegt werden und die Ihr Browser speichert, sog. \u201eCookies\u201c. Sie dienen dazu, mein Angebot nutzerfreundlicher, effektiver und sicherer zu machen. Die meisten Cookies sind so genannte \u201cSession-Cookies\u201d. Sie werden nach Ende Ihres Besuchs automatisch gel\u00f6scht. Cookies richten auf Ihrem Rechner keinen Schaden an und enthalten keine Viren.<\/span><\/p>\n<h2><span style=\"color: #361b02;\">Gestaltung und Programmierung der Website:<\/span><\/h2>\n<p><span style=\"color: #361b02;\">Alexandra H\u00f6f<\/span><\/p>\n<h2><span style=\"color: #361b02;\">Fotos:<\/span><\/h2>\n<h4><span style=\"color: #361b02;\">Impressum: Michaela Albrecht, Aktualisierung: Alexandra H\u00f6f<\/span><\/h4>\n<h4><span style=\"color: #361b02;\">Hintergrundbild: Fotolia,\u00a0Datei: #134471500 | Urheber:\u00a0<a style=\"color: #361b02;\" title=\"Das komplette Portfolio von psdesign1 ansehen\" href=\"https:\/\/de.fotolia.com\/p\/201949620\" rel=\"nofollow noopener\" target=\"_blank\">psdesign1<\/a><\/span><\/h4>\n<h4><span style=\"color: #361b02;\">Header Bilder: Alexandra H\u00f6f<\/span><\/h4>\n<h4><span style=\"color: #361b02;\">Startseite: Luna Marie H\u00f6f<\/span><br \/><span style=\"color: #361b02;\"> Profilbild: Steffi Baumann<\/span><\/h4>\n<h4><span style=\"color: #361b02;\">Meditationsabende: Alexandra H\u00f6f<\/span><\/h4>\n<h4><span style=\"color: #361b02;\">Termine: Alexandra H\u00f6f<\/span><br \/><span style=\"color: #361b02;\"> Leben in Leichtigkeit: , Bild-ID\u00a0<a style=\"color: #361b02;\">5011829 [at] fotolia [dot] de<\/a>\u00a0(Das Bild ist auf fotolia nicht mehr online und der Urheber daher nicht mehr festzustellen)<\/span><\/h4>\n<h2><span style=\"color: #361b02;\">Sonstiges:<\/span><\/h2>\n<p><span style=\"color: #361b02;\">Es besteht keine Pflicht zur Eintragung in ein Register mit Registergericht und Registernummer. Es gilt deutsches Recht und der gesetzliche Gerichtstand. Garantien, die \u00fcber die gesetzlichen Gew\u00e4hrleistungsrechte hinausgehen, werden nicht gew\u00e4hrt.<\/span><\/p>\n<\/div>\n<\/article>\n<\/div>\n<\/div>\n<\/div>\n<\/div>\n<footer class=\"art-footer clearfix\"><span style=\"color: #361b02;\">Copyright Alexandra H\u00f6f \/<\/span><\/footer><footer class=\"art-footer clearfix\"><\/footer><footer class=\"art-footer clearfix\"><span id=\"art-footnote-links\" style=\"color: #361b02;\">Powered by\u00a0<a style=\"color: #361b02;\" href=\"http:\/\/wordpress.org\/\" target=\"_blank\" rel=\"noopener nofollow\">WordPress<\/a>\u00a0and\u00a0<a style=\"color: #361b02;\" href=\"http:\/\/www.artisteer.com\/?p=wordpress_themes\" target=\"_blank\" rel=\"noopener nofollow\">WordPress Theme<\/a>\u00a0created with Artisteer.<\/span><\/footer><\/div>\n<\/div>\n<footer class=\"entry-meta\"><span class=\"edit-link\" style=\"color: #361b02;\"><a class=\"post-edit-link\" style=\"color: #361b02;\" href=\"http:\/\/alexandrahoef.com\/wp-admin\/post.php?post=72&amp;action=edit\" rel=\"nofollow noopener\" target=\"_blank\">Bearbeiten<\/a><\/span><\/footer>\n<div id=\"comments\"><span style=\"color: #361b02;\">\u00a0<\/span><\/div>\n<footer id=\"colophon\">\n<div id=\"supplementary\" class=\"two\">\n<div id=\"first\" class=\"widget-area\"><span style=\"color: #361b02;\">\u00a0<\/span><\/div>\n<div id=\"third\" class=\"widget-area\">\n<aside id=\"text-4\" class=\"widget widget_text\">\n<h3 class=\"widget-title\"><span style=\"color: #361b02;\">COPYRIGHT: ALEXANDRA H\u00d6F<\/span><\/h3>\n<div class=\"textwidget\"><span style=\"color: #361b02;\">\u00a0<\/span><\/div>\n<\/aside>\n<\/div>\n<\/div>\n<div id=\"site-generator\"><span style=\"color: #361b02;\">\u00a0<\/span><\/div>\n<\/footer>\n\n\n<p><\/p>\n","protected":false},"excerpt":{"rendered":"<p>Verantwortlich i.S.d. \u00a7\u00a7 2, 5 TMG und Redaktion Alexandra H\u00f6f Hauptstra\u00dfe 39 &#8211; 41 65719 Hofheim Tel. 06192 9224247 kontakt [at] basicsforlife [dot] de Haftungsausschluss Die Inhalte meiner Seiten wurden mit gr\u00f6\u00dfter Sorgfalt erstellt. F\u00fcr die Richtigkeit, Vollst\u00e4ndigkeit und Aktualit\u00e4t &hellip; <a href=\"https:\/\/www.basicsforlife.de\/Hofheim\/impressum\/\">Weiterlesen <span class=\"meta-nav\">&rarr;<\/span><\/a><\/p>\n","protected":false},"author":2,"featured_media":0,"parent":0,"menu_order":0,"comment_status":"closed","ping_status":"closed","template":"","meta":{"footnotes":""},"class_list":["post-61","page","type-page","status-publish","hentry"],"_links":{"self":[{"href":"https:\/\/www.basicsforlife.de\/Hofheim\/wp-json\/wp\/v2\/pages\/61","targetHints":{"allow":["GET"]}}],"collection":[{"href":"https:\/\/www.basicsforlife.de\/Hofheim\/wp-json\/wp\/v2\/pages"}],"about":[{"href":"https:\/\/www.basicsforlife.de\/Hofheim\/wp-json\/wp\/v2\/types\/page"}],"author":[{"embeddable":true,"href":"https:\/\/www.basicsforlife.de\/Hofheim\/wp-json\/wp\/v2\/users\/2"}],"replies":[{"embeddable":true,"href":"https:\/\/www.basicsforlife.de\/Hofheim\/wp-json\/wp\/v2\/comments?post=61"}],"version-history":[{"count":11,"href":"https:\/\/www.basicsforlife.de\/Hofheim\/wp-json\/wp\/v2\/pages\/61\/revisions"}],"predecessor-version":[{"id":2527,"href":"https:\/\/www.basicsforlife.de\/Hofheim\/wp-json\/wp\/v2\/pages\/61\/revisions\/2527"}],"wp:attachment":[{"href":"https:\/\/www.basicsforlife.de\/Hofheim\/wp-json\/wp\/v2\/media?parent=61"}],"curies":[{"name":"wp","href":"https:\/\/api.w.org\/{rel}","templated":true}]}}