{"id":50,"date":"2016-08-10T17:37:01","date_gmt":"2016-08-10T15:37:01","guid":{"rendered":"http:\/\/basicsforlife.de\/?page_id=50"},"modified":"2025-04-07T16:51:30","modified_gmt":"2025-04-07T14:51:30","slug":"coachingausbildung","status":"publish","type":"page","link":"https:\/\/www.basicsforlife.de\/Hofheim\/coachingausbildung\/","title":{"rendered":"Ausbildung in energetischem Coaching"},"content":{"rendered":"<h1>Ausbildung in energetischem Coaching in Hofheim, Frankfurt und Wiesbaden<\/h1>\n<p><span style=\"color: #361b02;\">Die Ausbildung zum <strong>&#8222;Basics for Life&#8220;<\/strong>-Coach beinhaltet verschiedene Module.<\/span><\/p>\n<ul>\n<li>\n<h2><span style=\"color: #361b02;\"><em><strong><a href=\"https:\/\/www.basicsforlife.de\/Hofheim\/coachingausbildung_grundkurs\/\" target=\"_blank\" rel=\"noopener\"><span style=\"color: #452b13;\"><span style=\"color: #36210e;\">Basics for Life<\/span><\/span><\/a><\/strong><\/em><\/span><\/h2>\n<\/li>\n<li>\n<h2><span style=\"color: #36210e;\"><a style=\"color: #36210e;\" title=\"Kompass\" href=\"https:\/\/www.basicsforlife.de\/Hofheim\/coachingausbildung_kompass\/\" target=\"_blank\" rel=\"noopener\"><em><strong><span style=\"color: #36210e;\">Kompass<\/span><\/strong><\/em><\/a><\/span><\/h2>\n<\/li>\n<li>\n<h2><a title=\"Heilung der Ahnenenergien\" href=\"https:\/\/www.basicsforlife.de\/Hofheim\/heilung-der-ahnen\/\" target=\"_blank\" rel=\"noopener\"><span style=\"color: #361b02;\"><b><i><span style=\"color: #36210e;\">Heilung der Ahnenenergien<\/span><\/i><\/b><\/span><\/a><\/h2>\n<\/li>\n<li><strong><em><a href=\"https:\/\/www.basicsforlife.de\/Hofheim\/coachingausbildung_lebeninleichtigkeit\/\" target=\"_blank\" rel=\"noopener\"><span style=\"color: #36210e;\">Leben in Leichtigkeit<\/span><\/a><\/em><\/strong><\/li>\n<\/ul>\n<h2><\/h2>\n<h2><a href=\"https:\/\/www.basicsforlife.de\/Hofheim\/coachingausbildung_grundkurs\/\" target=\"_blank\" rel=\"noopener\"><span style=\"color: #36210e;\">Basics for Life Grundkurs<\/span><\/a><\/h2>\n<p><span style=\"color: #361b02;\">Der Grundkurs ist f\u00fcr Deinen eigenen Wachstumsprozess und zum Erfahren des Energiefeldes. Eine Teilnehmerin sagte mir einmal: &#8222;Ich habe in den Einzelsitzungen so viele Steine aus dem Weg ger\u00e4umt, aber der richtige Fels, den habe ich hier, in dem &#8222;Basics for Life&#8220; &#8211; Kurs gesprengt.&#8220; Dieses Seminar &#8222;r\u00e4umt&#8220; in Deinem Leben auf, macht soviel sichtbar, was Du vielleicht zuvor nicht fassen konntest und kl\u00e4rt Beziehungen, so dass Du zu mehr Lebensfreude und Leichtigkeit kommst und dadurch positive Lebensqualit\u00e4t erf\u00e4hrst.<\/span><\/p>\n<p><span style=\"color: #452b13;\">Ein anderer Teilnehmer ist der Meinung: &#8222;Ich h\u00e4tte diesen Kurs schon vor 30 Jahren machen sollen.&#8220;\u00a0<\/span><\/p>\n<p><span style=\"color: #36210e;\">Der Mann einer Teilnehmerin sagte mir, nach dem seine Frau den Grundkurs absolviert hatte: &#8222;Ich kriege sie nicht mehr an den Punkten, wo sie zuvor immer eingestiegen ist. Sie reagiert einfach nicht mehr darauf.&#8220;<\/span><\/p>\n<p><span style=\"color: #36210e;\">Oder: &#8222;Mein Freund ist komisch, er rechtfertigt sich nicht mehr :-).&#8220; Er hat sich so zum Positiven ver\u00e4ndert, dass sie direkt den n\u00e4chsten Kurs absolviert hat.\u00a0<\/span><\/p>\n<p><span style=\"color: #361b02;\">Therapeuten k\u00f6nnen das Wissen vom Grundseminar <\/span><span style=\"color: #361b02;\">&#8222;Basics for Life&#8220; sofort in der Praxis umsetzen. Die Coaching-Methoden werden w\u00e4hrend des\u00a0Seminars intensiv ge\u00fcbt und verinnerlicht.<\/span><\/p>\n<p><span style=\"color: #361b02;\">Um diese besondere, energetische Coaching-Methode kennenzulernen, empfehlen wir, eine\u00a0Einzelsitzung zu buchen.<\/span><\/p>\n<p><span style=\"color: #361b02;\">Weitere inhaltliche Details findest Du <span style=\"color: #36210e;\"><a style=\"color: #36210e;\" href=\"https:\/\/www.basicsforlife.de\/energiearbeit-transformation-achtsamkeitbasics-for-life\/\" target=\"_blank\" rel=\"noopener noreferrer\"><em>hier.<\/em><\/a><\/span><\/span><\/p>\n<p><span style=\"color: #361b02;\">Zu den Terminen und Preisen geht es <em><span style=\"color: #36210e;\"><a style=\"color: #36210e;\" href=\"https:\/\/www.basicsforlife.de\/termine\/\" target=\"_blank\" rel=\"noopener noreferrer\">hier.<\/a><\/span><\/em><\/span><\/p>\n<h2><a title=\"Kompass Kursmodul\" href=\"https:\/\/www.basicsforlife.de\/Hofheim\/coachingausbildung_kompass\/\" target=\"_blank\" rel=\"noopener\"><span style=\"color: #36210e;\"><em><span style=\"color: #36210e;\">Kompass<\/span><\/em><\/span><\/a><\/h2>\n<p><span style=\"color: #361b02;\">Nach dem Grundkurs dienen alle weiteren Module Deinem pers\u00f6nlichen Wachstum und der F\u00e4higkeit, andere Menschen zu ihrem wahren Potential zu f\u00fchren. Es werden einzelne F\u00e4higkeiten (z.B. Praxis der energetischen Aufstellungen; Lebenswege unterst\u00fctzend zu begleiten, Sichtbarmachen der Visionen und Talente) erg\u00e4nzt.\u00a0<\/span><\/p>\n<h2><a title=\"Heilung Deiner Ahnenenergien\" href=\"https:\/\/www.basicsforlife.de\/Hofheim\/heilung-der-ahnen\/\" target=\"_blank\" rel=\"noopener\"><em><strong><span style=\"color: #36210e;\">Heilung Deiner Ahnenenergien<\/span><\/strong><\/em><\/a><\/h2>\n<p><span style=\"color: #361b02;\">Bei <\/span><strong><span style=\"color: #361b02;\">&#8222;Basics for Life&#8220; &#8211; <span style=\"color: #36210e;\"><a style=\"color: #36210e;\" href=\"https:\/\/www.basicsforlife.de\/Hofheim\/heilung-der-ahnen\/\" target=\"_blank\" rel=\"noopener\">Heilung Deiner\u00a0<span style=\"caret-color: #361b02;\">Ahnenenergien<\/span><\/a><\/span>\u00a0<\/span><\/strong><span style=\"color: #361b02;\"> geht es in erster Linie um Dich und Deine Ursprungsfamilie. Nach dem Du Dein eigenes Energiefeld aufger\u00e4umt hast, findest heraus, welche Muster und Gedanken Du von Deinen Eltern und Gro\u00dfeltern \u00fcbernommen hast und wo Du noch immer genauso reagierst wie sie, auch wenn Du schon einige Male entschieden hast, ab sofort anders zu reagieren. Dieser Kurs transformiert auf energetische Weise tief eingefahrene Gedanken, die teilweise zu unseren inneren Kontrolleuren und Steuermechanismen wurden sowie Seelenvertr\u00e4ge, die uns nicht mehr dienlich sind. <\/span><\/p>\n<p><span style=\"color: #361b02;\">In diesem Kurs findest Du Deine innere Wahrheit und kannst endlich Dein Leben f\u00fchren, so wie Du es Dir vorstellst!<\/span><\/p>\n<p><a href=\"https:\/\/www.basicsforlife.de\/Hofheim\/coachingausbildung_lebeninleichtigkeit\/\" target=\"_blank\" rel=\"noopener\"><span style=\"color: #36210e;\"><em><strong><span style=\"color: #36210e;\">Leben in Leichtigkeit<\/span><\/strong><\/em><\/span><\/a><\/p>\n<p><span style=\"color: #361b02;\">Die <strong>&#8222;<span style=\"color: #36210e;\"><a style=\"color: #36210e;\" href=\"https:\/\/www.basicsforlife.de\/Hofheim\/coachingausbildung_lebeninleichtigkeit\/\" target=\"_blank\" rel=\"noopener\">Leben in Leichtigkeit&#8220;- Ausbildung<\/a><\/span><\/strong>\u00a0ist eine wundervolle Erg\u00e4nzung zu den &#8222;Basics for Life&#8220;. Vor allem dann, wenn jemand verstehen m\u00f6chte, wo die eigenen\u00a0Muster herkommen und wie sie entstanden sind. Die Ausbildung\u00a0f\u00fchrt zur\u00fcck zu den Urspr\u00fcngen und st\u00f6\u00dft durch das L\u00f6sen aus dem Unterbewussten ins Bewusstsein eine Entwicklung an. Es wird aufgel\u00f6st, was das Leben belastet: Glaubenss\u00e4tze, Muster und Versprechen, Anteile in uns, alter versteckter Kummer, alte Mauern. Jedes Modul beinhaltet ebenfalls einen Verzeihungsprozess, um dem eigenen inneren Frieden zu begegnen.<\/span><\/p>\n<p><span style=\"color: #361b02;\">Weitere inhaltliche Details findest Du <span style=\"color: #36210e;\"><a style=\"color: #36210e;\" href=\"https:\/\/www.basicsforlife.de\/Hofheim\/coachingausbildung_lebeninleichtigkeit\/\" target=\"_blank\" rel=\"noopener\">hier.<\/a><\/span><\/span><\/p>\n<p><span style=\"color: #361b02;\">Zu den Terminen und Preisen geht es\u00a0<span style=\"color: #36210e;\"><a style=\"color: #36210e;\" href=\"https:\/\/www.basicsforlife.de\/termine\/\" target=\"_blank\" rel=\"noopener noreferrer\">hier.<\/a><\/span><\/span><\/p>\n<p><span style=\"color: #361b02;\">Wir freuen uns sehr, Dich auf Deiner wichtigsten Reise zu begleiten: <\/span><\/p>\n<p><span style=\"color: #361b02;\"><strong>Die Reise zu Dir selbst!<\/strong><\/span><\/p>\n<p><span style=\"color: #361b02;\"><strong>Dein &#8222;Basics for Life&#8220;-Team<\/strong><\/span><\/p>\n","protected":false},"excerpt":{"rendered":"<p>Ausbildung in energetischem Coaching in Hofheim, Frankfurt und Wiesbaden Die Ausbildung zum &#8222;Basics for Life&#8220;-Coach beinhaltet verschiedene Module. Basics for Life Kompass Heilung der Ahnenenergien Leben in Leichtigkeit Basics for Life Grundkurs Der Grundkurs ist f\u00fcr Deinen eigenen Wachstumsprozess und &hellip; <a href=\"https:\/\/www.basicsforlife.de\/Hofheim\/coachingausbildung\/\">Weiterlesen <span class=\"meta-nav\">&rarr;<\/span><\/a><\/p>\n","protected":false},"author":2,"featured_media":0,"parent":0,"menu_order":0,"comment_status":"closed","ping_status":"closed","template":"","meta":{"footnotes":""},"class_list":["post-50","page","type-page","status-publish","hentry"],"_links":{"self":[{"href":"https:\/\/www.basicsforlife.de\/Hofheim\/wp-json\/wp\/v2\/pages\/50","targetHints":{"allow":["GET"]}}],"collection":[{"href":"https:\/\/www.basicsforlife.de\/Hofheim\/wp-json\/wp\/v2\/pages"}],"about":[{"href":"https:\/\/www.basicsforlife.de\/Hofheim\/wp-json\/wp\/v2\/types\/page"}],"author":[{"embeddable":true,"href":"https:\/\/www.basicsforlife.de\/Hofheim\/wp-json\/wp\/v2\/users\/2"}],"replies":[{"embeddable":true,"href":"https:\/\/www.basicsforlife.de\/Hofheim\/wp-json\/wp\/v2\/comments?post=50"}],"version-history":[{"count":47,"href":"https:\/\/www.basicsforlife.de\/Hofheim\/wp-json\/wp\/v2\/pages\/50\/revisions"}],"predecessor-version":[{"id":2865,"href":"https:\/\/www.basicsforlife.de\/Hofheim\/wp-json\/wp\/v2\/pages\/50\/revisions\/2865"}],"wp:attachment":[{"href":"https:\/\/www.basicsforlife.de\/Hofheim\/wp-json\/wp\/v2\/media?parent=50"}],"curies":[{"name":"wp","href":"https:\/\/api.w.org\/{rel}","templated":true}]}}