{"id":300,"date":"2016-10-21T16:08:09","date_gmt":"2016-10-21T14:08:09","guid":{"rendered":"http:\/\/basicsforlife.de\/?page_id=300"},"modified":"2019-11-13T01:24:36","modified_gmt":"2019-11-12T23:24:36","slug":"seminarversicherung","status":"publish","type":"page","link":"https:\/\/www.basicsforlife.de\/Hofheim\/seminarversicherung\/","title":{"rendered":"Seminarversicherung"},"content":{"rendered":"<h1><span style=\"color: #361b02;\"><strong>Seminarversicherung<\/strong><\/span><\/h1>\n<p><span style=\"color: #361b02;\">Hier findest Du eine\u00a0<em><a style=\"color: #361b02;\" href=\"http:\/\/basicsforlife.de\/wp-content\/uploads\/2016\/08\/tarife-seminarversicherung.pdf\" target=\"_blank\" rel=\"noopener\">Geb\u00fchren\u00fcbersicht<\/a><\/em>, wenn Du f\u00fcr ein gebuchtes Seminar eine Versicherung abschlie\u00dfen m\u00f6chtest. (Stand 10.2016)<\/span><\/p>\n<p><span style=\"color: #361b02;\">\u00dcber diesen Link kannst Du eine\u00a0<em><a style=\"color: #361b02;\" href=\"https:\/\/www.reiseversicherung.de\/baRuntime\/start?ba=seminar&amp;agency=040011000121\" target=\"_blank\" rel=\"noopener nofollow\">Seminarversicherung<\/a><\/em>\u00a0abschlie\u00dfen.\u00a0<\/span><\/p>\n<p><span style=\"color: #361b02;\">Bei Fragen wende Dich bitte an folgende Servicestelle:\u00a0(0 89) 41 66 17 66.<\/span><\/p>\n<p><span style=\"color: #361b02;\"><strong>Viele Gr\u00fc\u00dfe<\/strong><em><br \/>\n<\/em><strong>Dein &#8222;Basics for Life&#8220;-Team<\/strong><\/span><\/p>\n","protected":false},"excerpt":{"rendered":"<p>Seminarversicherung Hier findest Du eine\u00a0Geb\u00fchren\u00fcbersicht, wenn Du f\u00fcr ein gebuchtes Seminar eine Versicherung abschlie\u00dfen m\u00f6chtest. (Stand 10.2016) \u00dcber diesen Link kannst Du eine\u00a0Seminarversicherung\u00a0abschlie\u00dfen.\u00a0 Bei Fragen wende Dich bitte an folgende Servicestelle:\u00a0(0 89) 41 66 17 66. Viele Gr\u00fc\u00dfe Dein &#8222;Basics &hellip; <a href=\"https:\/\/www.basicsforlife.de\/Hofheim\/seminarversicherung\/\">Weiterlesen <span class=\"meta-nav\">&rarr;<\/span><\/a><\/p>\n","protected":false},"author":2,"featured_media":0,"parent":0,"menu_order":0,"comment_status":"closed","ping_status":"closed","template":"","meta":{"footnotes":""},"class_list":["post-300","page","type-page","status-publish","hentry"],"_links":{"self":[{"href":"https:\/\/www.basicsforlife.de\/Hofheim\/wp-json\/wp\/v2\/pages\/300","targetHints":{"allow":["GET"]}}],"collection":[{"href":"https:\/\/www.basicsforlife.de\/Hofheim\/wp-json\/wp\/v2\/pages"}],"about":[{"href":"https:\/\/www.basicsforlife.de\/Hofheim\/wp-json\/wp\/v2\/types\/page"}],"author":[{"embeddable":true,"href":"https:\/\/www.basicsforlife.de\/Hofheim\/wp-json\/wp\/v2\/users\/2"}],"replies":[{"embeddable":true,"href":"https:\/\/www.basicsforlife.de\/Hofheim\/wp-json\/wp\/v2\/comments?post=300"}],"version-history":[{"count":12,"href":"https:\/\/www.basicsforlife.de\/Hofheim\/wp-json\/wp\/v2\/pages\/300\/revisions"}],"predecessor-version":[{"id":1540,"href":"https:\/\/www.basicsforlife.de\/Hofheim\/wp-json\/wp\/v2\/pages\/300\/revisions\/1540"}],"wp:attachment":[{"href":"https:\/\/www.basicsforlife.de\/Hofheim\/wp-json\/wp\/v2\/media?parent=300"}],"curies":[{"name":"wp","href":"https:\/\/api.w.org\/{rel}","templated":true}]}}