{"id":2922,"date":"2025-10-10T20:58:39","date_gmt":"2025-10-10T18:58:39","guid":{"rendered":"https:\/\/www.basicsforlife.de\/Hofheim\/?page_id=2922"},"modified":"2025-10-10T21:28:46","modified_gmt":"2025-10-10T19:28:46","slug":"homoeopathie-online-fuer-fortgeschrittene","status":"publish","type":"page","link":"https:\/\/www.basicsforlife.de\/Hofheim\/homoeopathie-online-fuer-fortgeschrittene\/","title":{"rendered":"Hom\u00f6opathie Online f\u00fcr Fortgeschrittene"},"content":{"rendered":"\n<p><strong><em><\/em><\/strong><\/p>\n\n\n\n<p>Die Online-Ausbildung in klassischer Hom\u00f6opathie wird jeweils freitags, 1x im Monat von 9 bis 12 Uhr ab dem 07.11.2025 online stattfinden.\u00a0<\/p>\n\n\n\n<p>Ziel der Ausbildung ist es, Sicherheit in der Verschreibung der klassischen Arzneimittel zu erlangen, weitere Miasmen in unserem erarbeitetem Schema erkennen und behandeln zu k\u00f6nnen sowie die Supervision von F\u00e4llen und Behandlung von Live-Online-F\u00e4llen. &nbsp;<\/p>\n\n\n\n<p>Der Unterricht baut auf der Lehre von Samuel Hahnemann, der 12 Ebenen Theorie von George Vithoulkas sowie der Miasmen Lehre nach Beate Latour und der eigenen Erfahrung aus 22 Jahren hom\u00f6opathischer Praxis. &nbsp;<\/p>\n\n\n\n<p>Die Termine k\u00f6nnen nur zusammen gebucht werden und kosten bei Einmalzahlung 480 \u20ac. Eine monatliche oder viertelj\u00e4hrliche Zahlung ist nach Absprache m\u00f6glich und kostet insgesamt 540 \u20ac.<\/p>\n\n\n\n<p>Das Gelernte kann innerhalb der Familie sowie bei Freunden und Tieren angewendet werden. Um die klassische Hom\u00f6opathie beruflich auszu\u00fcben, wird eine medizinische Ausbildung wie z.B. Heilpraktiker, Hebammen und \u00c4rzte ben\u00f6tigt.&nbsp;<\/p>\n\n\n\n<p>An jedem Termin, werden wir die M\u00f6glichkeit haben, Live-F\u00e4lle aufzunehmen. Bitte die zu besprechenden F\u00e4lle jeweils rechtzeitig bei mir anmelden, sie werden in der eingehenden Reihenfolge aufgenommen und bei zeitlicher Kapazit\u00e4t besprochen<\/p>\n\n\n\n<a class=\"maxbutton-5 maxbutton maxbutton-anmeldung-zu-unseren-energiekursen\" target=\"_blank\" rel=\"noopener\" href=\"https:\/\/www.basicsforlife.de\/Hofheim\/anmeldung-basics-for-life\/\"><span class='mb-text'>Hier geht es zur Anmeldung!<\/span><\/a>\n\n\n\n<p><\/p>\n\n\n\n<p>Ich freue mich sehr auf die gemeinsame Ausbildungszeit.<\/p>\n\n\n\n<p>Liebe Gr\u00fc\u00dfe<\/p>\n\n\n\n<p>Alexandra H\u00f6f<\/p>\n\n\n\n<h1>Online Hom\u00f6opathie Fortgeschrittenen-Kurs<h1>\n\n\n\n<p>Die Veranstaltungen finden an folgenden Terminen statt:<\/p>\n\n\n\n<figure class=\"wp-block-table\"><table><tbody><tr><td><strong>Datum<\/strong><\/td><td><strong>Inhalt<\/strong><\/td><\/tr><tr><td>07.11.2025<\/td><td>Erweiterung und Handhabung des Miasmen-Modells I, Live-Fallaufnahme<\/td><\/tr><tr><td>23.01.2026<\/td><td>Die Phasen der Silberserie in der Hom\u00f6opathie inklusive mindestens eines Falles der Silberserie, Live-Fallaufnahme<\/td><\/tr><tr><td>20.02.2026<\/td><td>Erweiterung und Handhabung des Miasmen-Modells II, Live-Fallaufnahme<\/td><\/tr><tr><td>20.03.2026<\/td><td>Lanthanide und ihre Bedeutung in der hom\u00f6opathischen Behandlung, Live-Fallaufnahme<\/td><\/tr><tr><td>17.04.2026<\/td><td>Vertiefung des Miasmenmodells, Live-Fallaufnahme<\/td><\/tr><tr><td>29.05.2026<\/td><td>Die Phasen der Eisenserie, Live-Fallaufnahme<tr><\/td><\/tr><\/tbody><\/table><figcaption class=\"wp-element-caption\"><a class=\"maxbutton-5 maxbutton maxbutton-anmeldung-zu-unseren-energiekursen\" target=\"_blank\" rel=\"noopener\" href=\"https:\/\/www.basicsforlife.de\/Hofheim\/anmeldung-basics-for-life\/\"><span class='mb-text'>Hier geht es zur Anmeldung!<\/span><\/a>&nbsp;<\/figcaption><\/figure>\n\n\n\n<p><\/p>\n\n\n\n<p>Ich freue mich auf Euch.<\/p>\n\n","protected":false},"excerpt":{"rendered":"<p>Die Online-Ausbildung in klassischer Hom\u00f6opathie wird jeweils freitags, 1x im Monat von 9 bis 12 Uhr ab dem 07.11.2025 online stattfinden.\u00a0 Ziel der Ausbildung ist es, Sicherheit in der Verschreibung der klassischen Arzneimittel zu erlangen, weitere Miasmen in unserem erarbeitetem &hellip; <a href=\"https:\/\/www.basicsforlife.de\/Hofheim\/homoeopathie-online-fuer-fortgeschrittene\/\">Weiterlesen <span class=\"meta-nav\">&rarr;<\/span><\/a><\/p>\n","protected":false},"author":2,"featured_media":0,"parent":0,"menu_order":0,"comment_status":"closed","ping_status":"closed","template":"","meta":{"footnotes":""},"class_list":["post-2922","page","type-page","status-publish","hentry"],"_links":{"self":[{"href":"https:\/\/www.basicsforlife.de\/Hofheim\/wp-json\/wp\/v2\/pages\/2922","targetHints":{"allow":["GET"]}}],"collection":[{"href":"https:\/\/www.basicsforlife.de\/Hofheim\/wp-json\/wp\/v2\/pages"}],"about":[{"href":"https:\/\/www.basicsforlife.de\/Hofheim\/wp-json\/wp\/v2\/types\/page"}],"author":[{"embeddable":true,"href":"https:\/\/www.basicsforlife.de\/Hofheim\/wp-json\/wp\/v2\/users\/2"}],"replies":[{"embeddable":true,"href":"https:\/\/www.basicsforlife.de\/Hofheim\/wp-json\/wp\/v2\/comments?post=2922"}],"version-history":[{"count":3,"href":"https:\/\/www.basicsforlife.de\/Hofheim\/wp-json\/wp\/v2\/pages\/2922\/revisions"}],"predecessor-version":[{"id":2926,"href":"https:\/\/www.basicsforlife.de\/Hofheim\/wp-json\/wp\/v2\/pages\/2922\/revisions\/2926"}],"wp:attachment":[{"href":"https:\/\/www.basicsforlife.de\/Hofheim\/wp-json\/wp\/v2\/media?parent=2922"}],"curies":[{"name":"wp","href":"https:\/\/api.w.org\/{rel}","templated":true}]}}