{"id":2902,"date":"2025-09-28T11:52:16","date_gmt":"2025-09-28T09:52:16","guid":{"rendered":"https:\/\/www.basicsforlife.de\/Hofheim\/?page_id=2902"},"modified":"2026-03-25T23:19:33","modified_gmt":"2026-03-25T21:19:33","slug":"frauenkreis","status":"publish","type":"page","link":"https:\/\/www.basicsforlife.de\/Hofheim\/frauenkreis\/","title":{"rendered":"Frauenkreise"},"content":{"rendered":"<p>\ud83c\udf38 Frauenkreise \u2013 Verbinden &#8211; St\u00e4rken &#8211; Heilen \ud83c\udf38<br \/>\nIn unseren Frauenkreisen \u00f6ffnen wir einen gesch\u00fctzten Raum, in dem jede Frau so sein darf, wie sie ist. Hier geht es nicht darum, etwas leisten oder darstellen zu m\u00fcssen \u2013 sondern um ein authentisches Miteinander, getragen von Achtsamkeit und Respekt.<br \/>\nWir kommen zusammen, um uns gegenseitig zu st\u00e4rken, zu tragen und zu erinnern: Du bist nicht allein. Im Kreis entsteht Verbindung \u2013 zu dir selbst, zu den anderen Frauen und zu dem, was uns alle miteinander verbindet.<br \/>\n\u2728 Was dich erwartet:<br \/>\nRaum f\u00fcr deine Gef\u00fchle, Gedanken und Visionen<br \/>\nBegegnungen auf Augenh\u00f6he<br \/>\nRituale, die das Herz \u00f6ffnen und Gemeinschaft sp\u00fcrbar machen<br \/>\nZeit, in der du einfach DU sein darfst<br \/>\nOb du dich nach Ruhe sehnst, nach Inspiration oder nach dem Gef\u00fchl, Teil einer lebendigen Gemeinschaft zu sein \u2013 du bist willkommen. Jede Frau bringt ihre eigene Kraft, ihre Geschichte und ihr Licht mit in den Kreis, und gemeinsam erschaffen wir ein Feld der Verbundenheit und des Wachstums.<br \/>\n\ud83e\udd0d Du darfst genauso kommen, wie du bist.<\/p>\n<p>Der n\u00e4chste Frauenkreis in Hofheim startet im Mai! <\/p>\n<p>Melde Dich gerne, wenn Du dabei sein m\u00f6chtest <3\n\nWir freuen uns von ganzem Herzen auf Dich!\nDein Basics for Life Team\n<\/p>\n","protected":false},"excerpt":{"rendered":"<p>\ud83c\udf38 Frauenkreise \u2013 Verbinden &#8211; St\u00e4rken &#8211; Heilen \ud83c\udf38 In unseren Frauenkreisen \u00f6ffnen wir einen gesch\u00fctzten Raum, in dem jede Frau so sein darf, wie sie ist. Hier geht es nicht darum, etwas leisten oder darstellen zu m\u00fcssen \u2013 sondern &hellip; <a href=\"https:\/\/www.basicsforlife.de\/Hofheim\/frauenkreis\/\">Weiterlesen <span class=\"meta-nav\">&rarr;<\/span><\/a><\/p>\n","protected":false},"author":2,"featured_media":2082,"parent":0,"menu_order":0,"comment_status":"closed","ping_status":"closed","template":"","meta":{"footnotes":""},"class_list":["post-2902","page","type-page","status-publish","has-post-thumbnail","hentry"],"_links":{"self":[{"href":"https:\/\/www.basicsforlife.de\/Hofheim\/wp-json\/wp\/v2\/pages\/2902","targetHints":{"allow":["GET"]}}],"collection":[{"href":"https:\/\/www.basicsforlife.de\/Hofheim\/wp-json\/wp\/v2\/pages"}],"about":[{"href":"https:\/\/www.basicsforlife.de\/Hofheim\/wp-json\/wp\/v2\/types\/page"}],"author":[{"embeddable":true,"href":"https:\/\/www.basicsforlife.de\/Hofheim\/wp-json\/wp\/v2\/users\/2"}],"replies":[{"embeddable":true,"href":"https:\/\/www.basicsforlife.de\/Hofheim\/wp-json\/wp\/v2\/comments?post=2902"}],"version-history":[{"count":5,"href":"https:\/\/www.basicsforlife.de\/Hofheim\/wp-json\/wp\/v2\/pages\/2902\/revisions"}],"predecessor-version":[{"id":2949,"href":"https:\/\/www.basicsforlife.de\/Hofheim\/wp-json\/wp\/v2\/pages\/2902\/revisions\/2949"}],"wp:featuredmedia":[{"embeddable":true,"href":"https:\/\/www.basicsforlife.de\/Hofheim\/wp-json\/wp\/v2\/media\/2082"}],"wp:attachment":[{"href":"https:\/\/www.basicsforlife.de\/Hofheim\/wp-json\/wp\/v2\/media?parent=2902"}],"curies":[{"name":"wp","href":"https:\/\/api.w.org\/{rel}","templated":true}]}}