{"id":2846,"date":"2024-12-09T23:02:33","date_gmt":"2024-12-09T21:02:33","guid":{"rendered":"https:\/\/www.basicsforlife.de\/Hofheim\/?page_id=2846"},"modified":"2024-12-09T23:02:35","modified_gmt":"2024-12-09T21:02:35","slug":"basics-for-life-begleiter","status":"publish","type":"page","link":"https:\/\/www.basicsforlife.de\/Hofheim\/basics-for-life-begleiter\/","title":{"rendered":"Basics for Life Begleiter"},"content":{"rendered":"\n<figure class=\"wp-block-image size-large is-resized\"><a href=\"https:\/\/www.basicsforlife.de\/wp-content\/uploads\/2024\/12\/Daniel-4-scaled.jpg\"><img loading=\"lazy\" decoding=\"async\" width=\"1024\" height=\"1024\" src=\"https:\/\/www.basicsforlife.de\/wp-content\/uploads\/2024\/12\/Daniel-4-1024x1024.jpg\" alt=\"\" class=\"wp-image-2847\" style=\"width:298px;height:auto\" srcset=\"https:\/\/www.basicsforlife.de\/wp-content\/uploads\/2024\/12\/Daniel-4-1024x1024.jpg 1024w, https:\/\/www.basicsforlife.de\/wp-content\/uploads\/2024\/12\/Daniel-4-300x300.jpg 300w, https:\/\/www.basicsforlife.de\/wp-content\/uploads\/2024\/12\/Daniel-4-150x150.jpg 150w, https:\/\/www.basicsforlife.de\/wp-content\/uploads\/2024\/12\/Daniel-4-768x768.jpg 768w, https:\/\/www.basicsforlife.de\/wp-content\/uploads\/2024\/12\/Daniel-4-1536x1536.jpg 1536w, https:\/\/www.basicsforlife.de\/wp-content\/uploads\/2024\/12\/Daniel-4-2048x2048.jpg 2048w\" sizes=\"auto, (max-width: 1024px) 100vw, 1024px\" \/><\/a><\/figure>\n\n\n\n<p><strong>Daniel Metzler<\/strong><\/p>\n\n\n\n<p>Mein Name ist Daniel und ich besch\u00e4ftige mich schon seit l\u00e4ngerer Zeit damit, zu ergr\u00fcnden was meine Welt im Inneren zusammenh\u00e4lt.<br>Auf meiner langen Entdeckungsreise zu mir selbst habe ich viel ausprobiert und wertvolle Erfahrungen sammeln d\u00fcrfen. Tief in meinem Inneren bin ich der \u00dcberzeugung: <\/p>\n\n\n\n<p><em>Wenn wir unsere Verstrickungen nach und nach aufl\u00f6sen, k\u00f6nnen wir harmonische Beziehungen gestalten. <\/em><\/p>\n\n\n\n<p>Ich freue mich auf ein verbundenes Miteinander.<\/p>\n\n\n\n<p>Daniel<\/p>\n","protected":false},"excerpt":{"rendered":"<p>Daniel Metzler Mein Name ist Daniel und ich besch\u00e4ftige mich schon seit l\u00e4ngerer Zeit damit, zu ergr\u00fcnden was meine Welt im Inneren zusammenh\u00e4lt.Auf meiner langen Entdeckungsreise zu mir selbst habe ich viel ausprobiert und wertvolle Erfahrungen sammeln d\u00fcrfen. Tief in &hellip; <a href=\"https:\/\/www.basicsforlife.de\/Hofheim\/basics-for-life-begleiter\/\">Weiterlesen <span class=\"meta-nav\">&rarr;<\/span><\/a><\/p>\n","protected":false},"author":2,"featured_media":0,"parent":0,"menu_order":0,"comment_status":"closed","ping_status":"closed","template":"","meta":{"footnotes":""},"class_list":["post-2846","page","type-page","status-publish","hentry"],"_links":{"self":[{"href":"https:\/\/www.basicsforlife.de\/Hofheim\/wp-json\/wp\/v2\/pages\/2846","targetHints":{"allow":["GET"]}}],"collection":[{"href":"https:\/\/www.basicsforlife.de\/Hofheim\/wp-json\/wp\/v2\/pages"}],"about":[{"href":"https:\/\/www.basicsforlife.de\/Hofheim\/wp-json\/wp\/v2\/types\/page"}],"author":[{"embeddable":true,"href":"https:\/\/www.basicsforlife.de\/Hofheim\/wp-json\/wp\/v2\/users\/2"}],"replies":[{"embeddable":true,"href":"https:\/\/www.basicsforlife.de\/Hofheim\/wp-json\/wp\/v2\/comments?post=2846"}],"version-history":[{"count":1,"href":"https:\/\/www.basicsforlife.de\/Hofheim\/wp-json\/wp\/v2\/pages\/2846\/revisions"}],"predecessor-version":[{"id":2848,"href":"https:\/\/www.basicsforlife.de\/Hofheim\/wp-json\/wp\/v2\/pages\/2846\/revisions\/2848"}],"wp:attachment":[{"href":"https:\/\/www.basicsforlife.de\/Hofheim\/wp-json\/wp\/v2\/media?parent=2846"}],"curies":[{"name":"wp","href":"https:\/\/api.w.org\/{rel}","templated":true}]}}