{"id":2796,"date":"2024-11-01T18:42:47","date_gmt":"2024-11-01T16:42:47","guid":{"rendered":"https:\/\/www.basicsforlife.de\/Hofheim\/?page_id=2796"},"modified":"2024-11-01T19:34:42","modified_gmt":"2024-11-01T17:34:42","slug":"homoeopathie-kurse","status":"publish","type":"page","link":"https:\/\/www.basicsforlife.de\/Hofheim\/homoeopathie-kurse\/","title":{"rendered":"Hom\u00f6opathie Kurse"},"content":{"rendered":"\n<figure class=\"wp-block-gallery has-nested-images columns-default is-cropped wp-block-gallery-1 is-layout-flex wp-block-gallery-is-layout-flex\">\n<figure class=\"wp-block-image size-large\"><a href=\"https:\/\/www.basicsforlife.de\/wp-content\/uploads\/2017\/12\/Bildschirmfoto-2017-12-06-um-10.51.10.png\"><img loading=\"lazy\" decoding=\"async\" width=\"519\" height=\"786\" data-id=\"836\" src=\"https:\/\/www.basicsforlife.de\/wp-content\/uploads\/2017\/12\/Bildschirmfoto-2017-12-06-um-10.51.10.png\" alt=\"Klassische Hom\u00f6opathie\" class=\"wp-image-836\" srcset=\"https:\/\/www.basicsforlife.de\/wp-content\/uploads\/2017\/12\/Bildschirmfoto-2017-12-06-um-10.51.10.png 519w, https:\/\/www.basicsforlife.de\/wp-content\/uploads\/2017\/12\/Bildschirmfoto-2017-12-06-um-10.51.10-198x300.png 198w\" sizes=\"auto, (max-width: 519px) 100vw, 519px\" \/><\/a><figcaption class=\"wp-element-caption\">Wahre Heilung ist m\u00f6glich<\/figcaption><\/figure>\n<\/figure>\n\n\n\n<p><\/p>\n\n\n\n<p>In der klassischen Hom\u00f6opathie behandeln wir nicht nur die Wurzeln sondern den jeweiligen Boden der Konstitution, damit verschiedene chronische Erkrankungen erst gar nicht ausbrechen. So oft hilft uns schon der Ausl\u00f6ser der Erkrankung, wie z.B. Wind, K\u00e4lte, Unfall, Schock dem jeweiligen Mittel auf die Spur zu kommen.<\/p>\n\n\n\n<p>Bei chronischen Erkrankungen ergibt sich durch die Behandlung der Miasmatik in der Hom\u00f6opathie eine wundervolle M\u00f6glichkeit, das &#8222;Darunterliegende&#8220; zu behandeln. <\/p>\n\n\n\n<p>So geht es darum, dem Menschen in der Entwicklung vom &#8222;Du&#8220; zum eigenen &#8222;Ich&#8220; zu helfen, und in Richtung Gesundheit zu schieben. Immer wieder erlebe ich, wie wichtig es ist, dass Menschen gut &#8222;Nein&#8220; sagen k\u00f6nnen, um mit ihnen erwachsene und gesunde Beziehungen f\u00fchren zu k\u00f6nnen. <\/p>\n\n\n\n<p>So kann es durchaus passieren, dass ein Kind z.B. sehr anh\u00e4nglich in Bezug auf die Mutter ist, aber nach einer akuten hom\u00f6opathischen Behandlung sich selbst viel mehr zutraut und die Mutter ein klein wenig, weniger braucht. Dann merken beide, wie gut es ihnen tut. Oder das Kind besser durchschl\u00e4ft und nachts nicht mehr jede Nacht zu den Eltern ins Bett kommt, einfach weil es dies nicht mehr so sehr ben\u00f6tigt.<\/p>\n\n\n\n<p>Ich k\u00f6nnte hier viel schreiben, aber in erster Linie m\u00f6chte ich Euch einladen, z. B. tiefer in der n\u00e4chsten Hom\u00f6opathie-Ausbildungsgruppe einzusteigen oder den Hom\u00f6opathie Online Kurs bei Schnupfen, Husten und Erk\u00e4ltungen insbesondere bei Kindern mit mir zu erleben. Alle Anwendungen sind auf Erwachsene \u00fcbertragbar, aber in dem Kurs geht es in erster Linie um die Kinder. <\/p>\n\n\n\n<ul class=\"wp-block-list\">\n<li>Hom\u00f6opathie Online Kurs 3 Abende Start 18.11.2024<\/li>\n<\/ul>\n\n\n\n<a class=\"maxbutton-2 maxbutton maxbutton-anmeldung-meditation\" target=\"_blank\" rel=\"noopener\" href=\"https:\/\/www.basicsforlife.de\/meditationsanmeldung\/\"><span class='mb-text'>Anmeldung zum Meditationsabend<\/span><\/a>\n","protected":false},"excerpt":{"rendered":"<p>In der klassischen Hom\u00f6opathie behandeln wir nicht nur die Wurzeln sondern den jeweiligen Boden der Konstitution, damit verschiedene chronische Erkrankungen erst gar nicht ausbrechen. So oft hilft uns schon der Ausl\u00f6ser der Erkrankung, wie z.B. Wind, K\u00e4lte, Unfall, Schock dem &hellip; <a href=\"https:\/\/www.basicsforlife.de\/Hofheim\/homoeopathie-kurse\/\">Weiterlesen <span class=\"meta-nav\">&rarr;<\/span><\/a><\/p>\n","protected":false},"author":2,"featured_media":0,"parent":0,"menu_order":0,"comment_status":"closed","ping_status":"closed","template":"","meta":{"footnotes":""},"class_list":["post-2796","page","type-page","status-publish","hentry"],"_links":{"self":[{"href":"https:\/\/www.basicsforlife.de\/Hofheim\/wp-json\/wp\/v2\/pages\/2796","targetHints":{"allow":["GET"]}}],"collection":[{"href":"https:\/\/www.basicsforlife.de\/Hofheim\/wp-json\/wp\/v2\/pages"}],"about":[{"href":"https:\/\/www.basicsforlife.de\/Hofheim\/wp-json\/wp\/v2\/types\/page"}],"author":[{"embeddable":true,"href":"https:\/\/www.basicsforlife.de\/Hofheim\/wp-json\/wp\/v2\/users\/2"}],"replies":[{"embeddable":true,"href":"https:\/\/www.basicsforlife.de\/Hofheim\/wp-json\/wp\/v2\/comments?post=2796"}],"version-history":[{"count":3,"href":"https:\/\/www.basicsforlife.de\/Hofheim\/wp-json\/wp\/v2\/pages\/2796\/revisions"}],"predecessor-version":[{"id":2813,"href":"https:\/\/www.basicsforlife.de\/Hofheim\/wp-json\/wp\/v2\/pages\/2796\/revisions\/2813"}],"wp:attachment":[{"href":"https:\/\/www.basicsforlife.de\/Hofheim\/wp-json\/wp\/v2\/media?parent=2796"}],"curies":[{"name":"wp","href":"https:\/\/api.w.org\/{rel}","templated":true}]}}