{"id":2794,"date":"2024-11-01T17:58:58","date_gmt":"2024-11-01T15:58:58","guid":{"rendered":"https:\/\/www.basicsforlife.de\/Hofheim\/?page_id=2794"},"modified":"2024-11-03T13:53:48","modified_gmt":"2024-11-03T11:53:48","slug":"homoeopathie-online","status":"publish","type":"page","link":"https:\/\/www.basicsforlife.de\/Hofheim\/homoeopathie-online\/","title":{"rendered":"Hom\u00f6opathie bei Kindern"},"content":{"rendered":"\n<p class=\"has-text-align-center\"> Die hom\u00f6opathische Behandlung von Husten, Schnupfen und Erk\u00e4ltung bei Kindern<\/p>\n\n\n\n<p class=\"has-text-align-center\" id=\"Hauspothekenkurs\"><em>\u00c4hnliches mit \u00c4hnlichem Heile<\/em>n<\/p>\n\n\n<div class=\"wp-block-image\">\n<figure class=\"aligncenter size-large is-resized\"><a href=\"https:\/\/www.basicsforlife.de\/wp-content\/uploads\/2024\/11\/Fuesse_Arendt_Fotografin-scaled.jpeg\"><img loading=\"lazy\" decoding=\"async\" width=\"1024\" height=\"683\" src=\"https:\/\/www.basicsforlife.de\/wp-content\/uploads\/2024\/11\/Fuesse_Arendt_Fotografin-1024x683.jpeg\" alt=\"\" class=\"wp-image-2822\" style=\"width:369px;height:auto\" srcset=\"https:\/\/www.basicsforlife.de\/wp-content\/uploads\/2024\/11\/Fuesse_Arendt_Fotografin-1024x683.jpeg 1024w, https:\/\/www.basicsforlife.de\/wp-content\/uploads\/2024\/11\/Fuesse_Arendt_Fotografin-300x200.jpeg 300w, https:\/\/www.basicsforlife.de\/wp-content\/uploads\/2024\/11\/Fuesse_Arendt_Fotografin-768x512.jpeg 768w, https:\/\/www.basicsforlife.de\/wp-content\/uploads\/2024\/11\/Fuesse_Arendt_Fotografin-1536x1024.jpeg 1536w, https:\/\/www.basicsforlife.de\/wp-content\/uploads\/2024\/11\/Fuesse_Arendt_Fotografin-2048x1365.jpeg 2048w, https:\/\/www.basicsforlife.de\/wp-content\/uploads\/2024\/11\/Fuesse_Arendt_Fotografin-450x300.jpeg 450w\" sizes=\"auto, (max-width: 1024px) 100vw, 1024px\" \/><\/a><\/figure>\n<\/div>\n\n\n<p>In der klassischen Hom\u00f6opathie nimmt man der Erkrankung nicht nur die Wurzel, sondern k\u00fcmmert sich um den Boden, um chronische Erkrankungen zu vermeiden. An diesen Abenden wollen wir uns mit der wirkungsvollen Kraft der Hom\u00f6opathie bei akuten Beschwerden besch\u00e4ftigen. Gerade bei Kindern ist schnell erkennbar, ob das Mittel anschl\u00e4gt. Manchmal zeigen sich die Erk\u00e4ltungssymptome erst abends und wie sch\u00f6n ist es, wenn man sich ein wenig auskennt und dann die passenden Globuli geben kann. Wie oft hat es meinen Kindern geholfen, wenn sie abends, sobald sie sich hingelegt haben, anfingen zu husten. Lasst uns gemeinsam einen Blick auf die verschiedenen hom\u00f6opathischen Arzneimittel werfen und schauen, welche hom\u00f6opathischen Arzneimittel bei Beschwerden wie Husten, Schnupfen, oder Fieber eingesetzt werden k\u00f6nnen. Lerne verschiedene hom\u00f6opathische Arzneimittel und deren Anwendung n\u00e4her kennen, um den Heilungsprozess Deiner Kindern auf nat\u00fcrliche Weise zu unterst\u00fctzen.\u00a0<\/p>\n\n\n\n<p>Wir treffen uns gerne online im Zoomraum, dann k\u00f6nnt ihr zuhause bei den Kindern bleiben und trotzdem teilnehmen.&nbsp;<\/p>\n\n\n\n<p id=\"block-38e4dc58-24a3-42b9-b727-2bad29060065\"><strong>Start:<\/strong>&nbsp;&nbsp;&nbsp;&nbsp;<strong>18.11.2024 \u2013 3 Abende<\/strong><\/p>\n\n\n\n<p id=\"block-a9a93129-ae0c-468a-80ef-b345b56a97e3\"><strong>Wertsch\u00e4tzung: &nbsp;&nbsp;&nbsp; 60 \u20ac<\/strong><\/p>\n\n\n\n<p id=\"block-f38352ea-71b5-4a68-8568-367dd54af9c0\"><strong>Wann:&nbsp;&nbsp;&nbsp;&nbsp;20:00 bis ca. 21:30 Uhr<\/strong><\/p>\n\n\n\n<p class=\"has-text-align-center\"><a class=\"maxbutton-6 maxbutton maxbutton-anmeldung-homoopathie-abende\" target=\"_blank\" rel=\"noopener\" href=\"https:\/\/www.basicsforlife.de\/meditationsanmeldung\/\"><span class='mb-text'>Hier geht es zur Anmeldung<\/span><\/a>&nbsp;<\/p>\n\n\n\n<p class=\"has-text-align-center\" id=\"Hom\u00f6opathie\"><\/p>\n\n\n\n<p><\/p>\n","protected":false},"excerpt":{"rendered":"<p>Die hom\u00f6opathische Behandlung von Husten, Schnupfen und Erk\u00e4ltung bei Kindern \u00c4hnliches mit \u00c4hnlichem Heilen In der klassischen Hom\u00f6opathie nimmt man der Erkrankung nicht nur die Wurzel, sondern k\u00fcmmert sich um den Boden, um chronische Erkrankungen zu vermeiden. An diesen Abenden &hellip; <a href=\"https:\/\/www.basicsforlife.de\/Hofheim\/homoeopathie-online\/\">Weiterlesen <span class=\"meta-nav\">&rarr;<\/span><\/a><\/p>\n","protected":false},"author":2,"featured_media":0,"parent":0,"menu_order":0,"comment_status":"closed","ping_status":"closed","template":"","meta":{"footnotes":""},"class_list":["post-2794","page","type-page","status-publish","hentry"],"_links":{"self":[{"href":"https:\/\/www.basicsforlife.de\/Hofheim\/wp-json\/wp\/v2\/pages\/2794","targetHints":{"allow":["GET"]}}],"collection":[{"href":"https:\/\/www.basicsforlife.de\/Hofheim\/wp-json\/wp\/v2\/pages"}],"about":[{"href":"https:\/\/www.basicsforlife.de\/Hofheim\/wp-json\/wp\/v2\/types\/page"}],"author":[{"embeddable":true,"href":"https:\/\/www.basicsforlife.de\/Hofheim\/wp-json\/wp\/v2\/users\/2"}],"replies":[{"embeddable":true,"href":"https:\/\/www.basicsforlife.de\/Hofheim\/wp-json\/wp\/v2\/comments?post=2794"}],"version-history":[{"count":15,"href":"https:\/\/www.basicsforlife.de\/Hofheim\/wp-json\/wp\/v2\/pages\/2794\/revisions"}],"predecessor-version":[{"id":2831,"href":"https:\/\/www.basicsforlife.de\/Hofheim\/wp-json\/wp\/v2\/pages\/2794\/revisions\/2831"}],"wp:attachment":[{"href":"https:\/\/www.basicsforlife.de\/Hofheim\/wp-json\/wp\/v2\/media?parent=2794"}],"curies":[{"name":"wp","href":"https:\/\/api.w.org\/{rel}","templated":true}]}}