{"id":2558,"date":"2022-11-19T15:58:52","date_gmt":"2022-11-19T13:58:52","guid":{"rendered":"https:\/\/www.basicsforlife.de\/Hofheim\/?page_id=2558"},"modified":"2024-11-01T19:08:37","modified_gmt":"2024-11-01T17:08:37","slug":"homoeopathie-online-ausbildung","status":"publish","type":"page","link":"https:\/\/www.basicsforlife.de\/Hofheim\/homoeopathie-online-ausbildung\/","title":{"rendered":"Hom\u00f6opathie Online Ausbildung"},"content":{"rendered":"\n<h1 class=\"wp-block-heading\">Online Hom\u00f6opathie Kurs<\/h1>\n\n\n\n<p>Der <strong>Hom\u00f6opathie Online Kurs<\/strong> findet jeweils 1x monatlich von 10 bis 13 Uhr via Zoom statt. Wir werden uns an 16 folgenden Terminen jeweils Samstag oder Sonntag online treffen. Hier findest Du die ersten 12 Termine. Weitere -4- Termine werden wir im Kurs vereinbaren.<\/p>\n\n\n\n<p>Ich freue mich, wenn Du dabei bist.<\/p>\n\n\n\n<figure class=\"wp-block-table\"><table><tbody><tr><td><strong>Datum<\/strong><\/td><td><strong>Inhalt<\/strong><\/td><\/tr><tr><td><\/td><td>Grundlagen der Hom\u00f6opathie, C- und D-Potenzen, H\u00e4ufigkeit der Mittelgabe. Woran erkenne ich die Symptome, die mich zum Mittel leiten? Arzneimittelbilder: Aconitum, Belladonna, Arsenicum Album, Veratum Album<\/td><\/tr><tr><td><\/td><td>Unterschiedliche Handhabung, akuter und chronischer F\u00e4lle, 12-Ebenen Modell inkl. Erkl\u00e4rung welche Potenzen in welcher Ebene eine Rolle spielen. Woran erkenne ich Heilung? Arzneimittelbilder: Sulphur, Silicea<\/td><\/tr><tr><td><\/td><td>Hierarchisierung, Erl\u00e4uterung und \u00dcbung der Repertorisation anhand eines Live-Falles aus der Praxis. Arzneimittelbilder: Sepia, Ferrum phosphoricum, Bryonia, Lachesis Muta<\/td><\/tr><tr><td><\/td><td>Fallbeurteilung anhand des Schemas von George Vithoulkas. Arzneimittelbilder: Colocynthis, Nux vomica, Kalium Carbolicum<\/td><\/tr><tr><td><\/td><td>Erl\u00e4uterung der Bedeutung der Miasmen in der Hom\u00f6opathie. N\u00e4here Erl\u00e4uterung der Carcinogenie. Arzneimittelbilder: Carcinosinum, Staphisagria, Opium<\/td><\/tr><tr><td><\/td><td>Fallaufnahme eines chronischen Falles, inkl. Repertorisation und Erl\u00e4uterung, Bedeutung. \u00dcbung der Repertorisation und Suchen des \u00e4hnlichsten Arzneimittelbildes.<\/td><\/tr><tr><td><\/td><td>Bedeutung, Entstehung und Umgang mit der Syphilinie. Arzneimittelbilder: &nbsp;Mercurius und Syphilinie<\/td><\/tr><tr><td><\/td><td>Besonderheiten von Kindern in der Praxis und deren Behandlung. Arzneimittelbilder: Veratum Album, Pulsatilla<\/td><\/tr><tr><td><\/td><td>Erl\u00e4uterung und Bedeutung der Sykose in der Hom\u00f6opathie und in der Gesellschaft. Arzneimittelbilder: Thuja, Medorrhinum<\/td><\/tr><tr><td><\/td><td>Die Parasitose und deren Bedeutung in der hom\u00f6opathischen Praxis. In diesem Zusammenhang werden wir ebenfalls die Bedeutung von Kummer f\u00fcr die Behandlung erl\u00e4utern. Arzneimittelbilder: Nux vomica, Ignatia und Natrium muriaticum. <\/td><\/tr><tr><td><\/td><td>Das weit verbreitete tuberkulinische Miasma und deren Bedeutung in der Gesellschaft und in der hom\u00f6opathischen Behandlung. Arzneimittelbilder: Tuberkulinum, Phosphorus<\/td><\/tr><tr><td><\/td><td>Das skrophulose Miasma und der Blick auf die ersten sieben Lebensjahre. Arzneimittelbilder: Silicea und Barium carbonicum<\/td><\/tr><\/tbody><\/table><\/figure>\n\n\n\n<a class=\"maxbutton-5 maxbutton maxbutton-anmeldung-zu-unseren-energiekursen\" target=\"_blank\" rel=\"noopener\" href=\"https:\/\/www.basicsforlife.de\/Hofheim\/anmeldung-basics-for-life\/\"><span class='mb-text'>Hier geht es zur Anmeldung!<\/span><\/a>\n","protected":false},"excerpt":{"rendered":"<p>Online Hom\u00f6opathie Kurs Der Hom\u00f6opathie Online Kurs findet jeweils 1x monatlich von 10 bis 13 Uhr via Zoom statt. Wir werden uns an 16 folgenden Terminen jeweils Samstag oder Sonntag online treffen. Hier findest Du die ersten 12 Termine. Weitere &hellip; <a href=\"https:\/\/www.basicsforlife.de\/Hofheim\/homoeopathie-online-ausbildung\/\">Weiterlesen <span class=\"meta-nav\">&rarr;<\/span><\/a><\/p>\n","protected":false},"author":2,"featured_media":0,"parent":0,"menu_order":0,"comment_status":"closed","ping_status":"closed","template":"","meta":{"footnotes":""},"class_list":["post-2558","page","type-page","status-publish","hentry"],"_links":{"self":[{"href":"https:\/\/www.basicsforlife.de\/Hofheim\/wp-json\/wp\/v2\/pages\/2558","targetHints":{"allow":["GET"]}}],"collection":[{"href":"https:\/\/www.basicsforlife.de\/Hofheim\/wp-json\/wp\/v2\/pages"}],"about":[{"href":"https:\/\/www.basicsforlife.de\/Hofheim\/wp-json\/wp\/v2\/types\/page"}],"author":[{"embeddable":true,"href":"https:\/\/www.basicsforlife.de\/Hofheim\/wp-json\/wp\/v2\/users\/2"}],"replies":[{"embeddable":true,"href":"https:\/\/www.basicsforlife.de\/Hofheim\/wp-json\/wp\/v2\/comments?post=2558"}],"version-history":[{"count":13,"href":"https:\/\/www.basicsforlife.de\/Hofheim\/wp-json\/wp\/v2\/pages\/2558\/revisions"}],"predecessor-version":[{"id":2809,"href":"https:\/\/www.basicsforlife.de\/Hofheim\/wp-json\/wp\/v2\/pages\/2558\/revisions\/2809"}],"wp:attachment":[{"href":"https:\/\/www.basicsforlife.de\/Hofheim\/wp-json\/wp\/v2\/media?parent=2558"}],"curies":[{"name":"wp","href":"https:\/\/api.w.org\/{rel}","templated":true}]}}