{"id":2093,"date":"2021-01-27T18:43:00","date_gmt":"2021-01-27T16:43:00","guid":{"rendered":"https:\/\/www.basicsforlife.de\/Hofheim\/?page_id=2093"},"modified":"2024-01-23T22:08:38","modified_gmt":"2024-01-23T20:08:38","slug":"anmeldung-basics-for-life","status":"publish","type":"page","link":"https:\/\/www.basicsforlife.de\/Hofheim\/anmeldung-basics-for-life\/","title":{"rendered":"Anmeldung Basics for Life"},"content":{"rendered":"\n<p>Wir freuen uns, dass Du bei einem unserer Kurse dabei sein m\u00f6chtest.<\/p>\n\n\n\n<p>Bitte f\u00fclle das Formular mit dem entsprechenden Kurs aus. <\/p>\n\n\n\n<p>Wir pr\u00fcfen umgehend, ob noch ein Platz frei ist und werden uns baldm\u00f6glichst melden.<\/p>\n\n\n\n<p>Sollten wir uns nicht binnen 24 Stunden bei Dir melden, kann es sein, dass ein technisches Problem vorliegt. In diesem Fall schreibe uns bitte eine kurze Email an: kontakt@basicsforlife.de.<\/p>\n\n\n\n<p>Dein `Basics for Life\u00b4 Team<\/p>\n\n\n\n<div class=\"wpcf7 no-js\" id=\"wpcf7-f2246-o1\" lang=\"de-DE\" dir=\"ltr\" data-wpcf7-id=\"2246\">\n<div class=\"screen-reader-response\"><p role=\"status\" aria-live=\"polite\" aria-atomic=\"true\"><\/p> <ul><\/ul><\/div>\n<form action=\"\/Hofheim\/wp-json\/wp\/v2\/pages\/2093#wpcf7-f2246-o1\" method=\"post\" class=\"wpcf7-form init\" aria-label=\"Kontaktformular\" novalidate=\"novalidate\" data-status=\"init\">\n<fieldset class=\"hidden-fields-container\"><input type=\"hidden\" name=\"_wpcf7\" value=\"2246\" \/><input type=\"hidden\" name=\"_wpcf7_version\" value=\"6.1.5\" \/><input type=\"hidden\" name=\"_wpcf7_locale\" value=\"de_DE\" \/><input type=\"hidden\" name=\"_wpcf7_unit_tag\" value=\"wpcf7-f2246-o1\" \/><input type=\"hidden\" name=\"_wpcf7_container_post\" value=\"0\" \/><input type=\"hidden\" name=\"_wpcf7_posted_data_hash\" value=\"\" \/>\n<\/fieldset>\n<p><label> Name<br \/>\n<span class=\"wpcf7-form-control-wrap\" data-name=\"nachname\"><input size=\"40\" maxlength=\"400\" class=\"wpcf7-form-control wpcf7-text wpcf7-validates-as-required\" aria-required=\"true\" aria-invalid=\"false\" value=\"\" type=\"text\" name=\"nachname\" \/><\/span> <\/label>\n<\/p>\n<p><label> Vorname<br \/>\n<span class=\"wpcf7-form-control-wrap\" data-name=\"vorname\"><input size=\"40\" maxlength=\"400\" class=\"wpcf7-form-control wpcf7-text wpcf7-validates-as-required\" aria-required=\"true\" aria-invalid=\"false\" value=\"\" type=\"text\" name=\"vorname\" \/><\/span> <\/label>\n<\/p>\n<p><label> Stra\u00dfe und Hausnummer<br \/>\n<span class=\"wpcf7-form-control-wrap\" data-name=\"strasse\"><input size=\"40\" maxlength=\"400\" class=\"wpcf7-form-control wpcf7-text wpcf7-validates-as-required\" aria-required=\"true\" aria-invalid=\"false\" value=\"\" type=\"text\" name=\"strasse\" \/><\/span> <\/label>\n<\/p>\n<p><label> PLZ<br \/>\n<span class=\"wpcf7-form-control-wrap\" data-name=\"plz\"><input size=\"40\" maxlength=\"400\" class=\"wpcf7-form-control wpcf7-text wpcf7-validates-as-required\" aria-required=\"true\" aria-invalid=\"false\" value=\"\" type=\"text\" name=\"plz\" \/><\/span> <\/label>\n<\/p>\n<p><label> Stadt<br \/>\n<span class=\"wpcf7-form-control-wrap\" data-name=\"stadt\"><input size=\"40\" maxlength=\"400\" class=\"wpcf7-form-control wpcf7-text wpcf7-validates-as-required\" aria-required=\"true\" aria-invalid=\"false\" value=\"\" type=\"text\" name=\"stadt\" \/><\/span> <\/label>\n<\/p>\n<p><label> Telefon<br \/>\n<span class=\"wpcf7-form-control-wrap\" data-name=\"telefon\"><input size=\"40\" maxlength=\"400\" class=\"wpcf7-form-control wpcf7-tel wpcf7-validates-as-required wpcf7-text wpcf7-validates-as-tel\" aria-required=\"true\" aria-invalid=\"false\" value=\"\" type=\"tel\" name=\"telefon\" \/><\/span> <\/label>\n<\/p>\n<p><label> E-Mail<br \/>\n<span class=\"wpcf7-form-control-wrap\" data-name=\"email\"><input size=\"40\" maxlength=\"400\" class=\"wpcf7-form-control wpcf7-email wpcf7-validates-as-required wpcf7-text wpcf7-validates-as-email\" aria-required=\"true\" aria-invalid=\"false\" value=\"\" type=\"email\" name=\"email\" \/><\/span> <\/label>\n<\/p>\n<p><label> Hiermit m\u00f6chte ich mich gerne f\u00fcr folgenden Kurs anmelden:<br \/>\n<span class=\"wpcf7-form-control-wrap\" data-name=\"kurs\"><select class=\"wpcf7-form-control wpcf7-select\" aria-invalid=\"false\" name=\"kurs\"><option value=\"Leben in Leichtigkeit - Workshop\">Leben in Leichtigkeit - Workshop<\/option><option value=\"Leben in Leichtigkeit - Ausbildung\">Leben in Leichtigkeit - Ausbildung<\/option><option value=\"Basics for Life - Grundkurs\">Basics for Life - Grundkurs<\/option><option value=\"Basics for Life - Kompass\">Basics for Life - Kompass<\/option><option value=\"Basics for Life - Ahnenkurs\">Basics for Life - Ahnenkurs<\/option><option value=\"Hom\u00f6opathie Grundausbildung\">Hom\u00f6opathie Grundausbildung<\/option><option value=\"Hom\u00f6opathie Grundausbildung Online\">Hom\u00f6opathie Grundausbildung Online<\/option><option value=\"Hom\u00f6opathie Online Fortgeschrittenenkurs\">Hom\u00f6opathie Online Fortgeschrittenenkurs<\/option><option value=\"Energiereise\">Energiereise<\/option><option value=\"Visionsreise\">Visionsreise<\/option><option value=\"Neujahrsmeditation 2024 Online\">Neujahrsmeditation 2024 Online<\/option><option value=\"Atemmeditation\">Atemmeditation<\/option><option value=\"Sonstige Meditation\">Sonstige Meditation<\/option><\/select><\/span> <\/label>\n<\/p>\n<p><label> Deine Nachricht an uns (optional)<br \/>\n<span class=\"wpcf7-form-control-wrap\" data-name=\"your-message\"><textarea cols=\"40\" rows=\"10\" maxlength=\"2000\" class=\"wpcf7-form-control wpcf7-textarea\" aria-invalid=\"false\" name=\"your-message\"><\/textarea><\/span> <\/label>\n<\/p>\n<p><span class=\"wpcf7-form-control-wrap\" data-name=\"acceptance-agb\"><span class=\"wpcf7-form-control wpcf7-acceptance\"><span class=\"wpcf7-list-item\"><label><input type=\"checkbox\" name=\"acceptance-agb\" value=\"1\" aria-invalid=\"false\" \/><span class=\"wpcf7-list-item-label\">Hiermit best\u00e4tige ich die <a href=\"https:\/\/www.basicsforlife.de\/Hofheim\/agbs\/\">AGB <\/a>gelesen zu haben und stimme diesen zu.<\/span><\/label><\/span><\/span><\/span>\n<\/p>\n<p><input class=\"wpcf7-form-control wpcf7-submit has-spinner\" type=\"submit\" value=\"Senden\" \/>\n<\/p><p style=\"display: none !important;\" class=\"akismet-fields-container\" data-prefix=\"_wpcf7_ak_\"><label>&#916;<textarea name=\"_wpcf7_ak_hp_textarea\" cols=\"45\" rows=\"8\" maxlength=\"100\"><\/textarea><\/label><input type=\"hidden\" id=\"ak_js_1\" name=\"_wpcf7_ak_js\" value=\"63\"\/><script>document.getElementById( \"ak_js_1\" ).setAttribute( \"value\", ( new Date() ).getTime() );<\/script><\/p><div class=\"wpcf7-response-output\" aria-hidden=\"true\"><\/div>\n<\/form>\n<\/div>\n\n\n\n\n<p><\/p>\n\n\n\n<p><\/p>\n","protected":false},"excerpt":{"rendered":"<p>Wir freuen uns, dass Du bei einem unserer Kurse dabei sein m\u00f6chtest. Bitte f\u00fclle das Formular mit dem entsprechenden Kurs aus. Wir pr\u00fcfen umgehend, ob noch ein Platz frei ist und werden uns baldm\u00f6glichst melden. Sollten wir uns nicht binnen &hellip; <a href=\"https:\/\/www.basicsforlife.de\/Hofheim\/anmeldung-basics-for-life\/\">Weiterlesen <span class=\"meta-nav\">&rarr;<\/span><\/a><\/p>\n","protected":false},"author":2,"featured_media":0,"parent":0,"menu_order":0,"comment_status":"closed","ping_status":"closed","template":"","meta":{"footnotes":""},"class_list":["post-2093","page","type-page","status-publish","hentry"],"_links":{"self":[{"href":"https:\/\/www.basicsforlife.de\/Hofheim\/wp-json\/wp\/v2\/pages\/2093","targetHints":{"allow":["GET"]}}],"collection":[{"href":"https:\/\/www.basicsforlife.de\/Hofheim\/wp-json\/wp\/v2\/pages"}],"about":[{"href":"https:\/\/www.basicsforlife.de\/Hofheim\/wp-json\/wp\/v2\/types\/page"}],"author":[{"embeddable":true,"href":"https:\/\/www.basicsforlife.de\/Hofheim\/wp-json\/wp\/v2\/users\/2"}],"replies":[{"embeddable":true,"href":"https:\/\/www.basicsforlife.de\/Hofheim\/wp-json\/wp\/v2\/comments?post=2093"}],"version-history":[{"count":14,"href":"https:\/\/www.basicsforlife.de\/Hofheim\/wp-json\/wp\/v2\/pages\/2093\/revisions"}],"predecessor-version":[{"id":2753,"href":"https:\/\/www.basicsforlife.de\/Hofheim\/wp-json\/wp\/v2\/pages\/2093\/revisions\/2753"}],"wp:attachment":[{"href":"https:\/\/www.basicsforlife.de\/Hofheim\/wp-json\/wp\/v2\/media?parent=2093"}],"curies":[{"name":"wp","href":"https:\/\/api.w.org\/{rel}","templated":true}]}}