{"id":20,"date":"2016-08-10T14:17:30","date_gmt":"2016-08-10T12:17:30","guid":{"rendered":"http:\/\/basicsforlife.de\/?page_id=20"},"modified":"2024-01-19T23:19:17","modified_gmt":"2024-01-19T21:19:17","slug":"startseite","status":"publish","type":"page","link":"https:\/\/www.basicsforlife.de\/Hofheim\/","title":{"rendered":"Basics for life &#8211; die Coachingschule"},"content":{"rendered":"<h1><i style=\"color: #361b02;\">Herzlich Willkommen in der Basics for Life Coachingschule in Hofheim am Taunus!<\/i><\/h1>\n<pre><span style=\"color: #361b02;\"><i class=\"\">\"<\/i><i class=\"\">Wenn die Sehnsucht gr\u00f6\u00dfer wird als die Angst, entsteht Mut.<\/i><span class=\"\"><i class=\"\">\u201c<\/i><\/span><i class=\"\">\u00a0<\/i><\/span>\n\n<span style=\"color: #361b02;\"><i class=\"\">(Rainer Maria Rilke)<\/i><\/span><\/pre>\n<p><a href=\"https:\/\/www.basicsforlife.de\/wp-content\/uploads\/2019\/10\/Basics-for-Life-Die-Schule-f\u00fcr-Wachstum-Meditation-und-Achtsamkeit.jpg\"><img loading=\"lazy\" decoding=\"async\" class=\"size-medium wp-image-1485 aligncenter\" src=\"https:\/\/www.basicsforlife.de\/wp-content\/uploads\/2019\/10\/Basics-for-Life-Die-Schule-f\u00fcr-Wachstum-Meditation-und-Achtsamkeit-300x146.jpg\" alt=\"\" width=\"300\" height=\"146\" srcset=\"https:\/\/www.basicsforlife.de\/wp-content\/uploads\/2019\/10\/Basics-for-Life-Die-Schule-f\u00fcr-Wachstum-Meditation-und-Achtsamkeit-300x146.jpg 300w, https:\/\/www.basicsforlife.de\/wp-content\/uploads\/2019\/10\/Basics-for-Life-Die-Schule-f\u00fcr-Wachstum-Meditation-und-Achtsamkeit-768x373.jpg 768w, https:\/\/www.basicsforlife.de\/wp-content\/uploads\/2019\/10\/Basics-for-Life-Die-Schule-f\u00fcr-Wachstum-Meditation-und-Achtsamkeit-1024x498.jpg 1024w, https:\/\/www.basicsforlife.de\/wp-content\/uploads\/2019\/10\/Basics-for-Life-Die-Schule-f\u00fcr-Wachstum-Meditation-und-Achtsamkeit-500x243.jpg 500w\" sizes=\"auto, (max-width: 300px) 100vw, 300px\" \/><\/a><\/p>\n<h3>Was ist wahrhaftige Liebe?<\/h3>\n<p>Manche Menschen glauben, es ist Liebe, um seine Kinder Angst zu haben. Heute wei\u00df ich, dass das nicht wahr ist und vor allem zu keinem Zeitpunkt wahr war. Diese Sehnsucht danach, dass mein Sohn in seine Kraft findet hat mich angetrieben, mich auf den Weg zu machen. Ich musste dieser tiefen Angst, ihn zu verlieren, wahrhaftig begegnen, damit sie nicht mehr unser Leben regierte.<br \/>\nAus heutiger Sicht wei\u00df ich:\u00a0<em><strong>Das ist Liebe!<\/strong><\/em><\/p>\n<p>N\u00e4here Infos findest Du hier:<\/p>\n<p><iframe loading=\"lazy\" title=\"Alexandra H\u00f6f - Wir brauchten ein kleines Wunder...\" width=\"584\" height=\"329\" src=\"https:\/\/www.youtube.com\/embed\/VN1wPdAHkg0?feature=oembed\" frameborder=\"0\" allow=\"accelerometer; autoplay; clipboard-write; encrypted-media; gyroscope; picture-in-picture; web-share\" referrerpolicy=\"strict-origin-when-cross-origin\" allowfullscreen><\/iframe><\/p>\n<p><span style=\"color: #361b02;\"><strong>Um was geht es in unserer Schule? <\/strong><\/span><\/p>\n<p><span style=\"color: #361b02;\"><strong>Es geht in erster Linie um Dich, um Dein Leben und um Deinen Prozess!<\/strong><\/span><\/p>\n<p><span style=\"color: #361b02;\"><strong>Unser Ziel ist es: Dich auf Deinem Weg zu Dir selbst zu begleiten.<\/strong><\/span><\/p>\n<p><span style=\"color: #361b02;\">Wir haben verschiedene Tools dazu entwickelt und in \u00fcber\u00a012.000 Sitzungen in 17 Jahren erprobt.\u00a0<\/span><\/p>\n<p><span style=\"color: #361b02;\">F\u00fcr Einsteiger und Neugierige: Alle, die die Hintergr\u00fcnde hinter der Coaching Sitzung &#8222;Basics for Life&#8220; kennenlernen m\u00f6chten,\u00a0k\u00f6nnen bei uns einen Einzeltermin\u00a0<em><a style=\"color: #361b02;\" href=\"http:\/\/basicsforlife.de\/kontakt\/\" target=\"_blank\" rel=\"noopener noreferrer\">buchen<\/a>,\u00a0<\/em>um die tiefe Wirkung der &#8222;Basics for Life&#8220;-Sitzungen\u00a0zu erfahren.\u00a0<\/span><\/p>\n<p><span style=\"color: #361b02;\">Du kommst von weiter her? Dann hast Du zwei M\u00f6glichkeiten:<\/span><\/p>\n<ol>\n<li><span style=\"color: #361b02;\">Du reist nach Hofheim am Taunus oder Jena und buchst eine Life-Sitzung oder<\/span><\/li>\n<li><span style=\"color: #361b02;\">Du buchst eine `Basics for Life\u00b4 Zoom oder Skype-Sitzung<\/span><\/li>\n<\/ol>\n<p><span style=\"color: #361b02;\">Du wirst erstaunt sein, wie tief diese Sitzungsform auch \u00fcber die Ferne wirken kann.\u00a0<\/span><\/p>\n<p><span style=\"color: #361b02;\">Zur Buchung geht es <a style=\"color: #361b02;\" href=\"https:\/\/www.basicsforlife.de\/kontakt\/\" target=\"_blank\" rel=\"noopener noreferrer\">hier.<\/a><\/span><\/p>\n<p><span style=\"color: #361b02;\">Hier geht es zu den <a href=\"https:\/\/www.basicsforlife.de\/Hofheim\/termine-energiearbeit\/\" target=\"_blank\" rel=\"noopener\"><em>Terminen, Preisen und zur Anmeldung.<\/em><\/a><\/span><\/p>\n<h1><\/h1>\n<h1><\/h1>\n<h1><span style=\"color: #361b02;\">Wahre Heilung ist m\u00f6glich! Klassische Hom\u00f6opathie<\/span><\/h1>\n<p><a href=\"https:\/\/www.epubli.de\/suche?q=wahre+heilung\" rel=\"nofollow noopener\" target=\"_blank\"><span style=\"color: #361b02;\"><img loading=\"lazy\" decoding=\"async\" class=\"alignright wp-image-836 size-medium\" src=\"http:\/\/basicsforlife.de\/wp-content\/uploads\/2017\/12\/Bildschirmfoto-2017-12-06-um-10.51.10-198x300.png\" alt=\"\" width=\"198\" height=\"300\" srcset=\"https:\/\/www.basicsforlife.de\/wp-content\/uploads\/2017\/12\/Bildschirmfoto-2017-12-06-um-10.51.10-198x300.png 198w, https:\/\/www.basicsforlife.de\/wp-content\/uploads\/2017\/12\/Bildschirmfoto-2017-12-06-um-10.51.10.png 519w\" sizes=\"auto, (max-width: 198px) 100vw, 198px\" \/><\/span><\/a><\/p>\n<p><span style=\"color: #361b02;\">Ab sofort kannst Du es bei mir pers\u00f6nlich (gerne mit individueller Widmung) via Mail oder bei\u00a0<a style=\"color: #361b02;\" href=\"https:\/\/www.epubli.de\/\/shop\/buch\/Wahre-Heilung-ist-m\u00f6glich-Alexandra-H\u00f6f-9783745064032\/70109?utm_medium=email&amp;utm_source=transactional&amp;utm_campaign=Systemmail_PublishedSuccessfully\" rel=\"nofollow noopener\" target=\"_blank\">epubli<\/a>\u00a0direkt bestellen. <\/span><\/p>\n<p><span style=\"color: #361b02;\">Klicke bitte hierzu auf das Bild oder schreibe mir eine Mail.\u00a0<\/span><\/p>\n<h1><span style=\"color: #361b02;\">\u00a0<\/span><\/h1>\n<h1><span style=\"color: #361b02;\">Meditations CD: &#8222;Ich verzeihe Dir&#8220; \u00a0\u00a0<\/span><\/h1>\n<h1><span style=\"color: #361b02;\"><a style=\"color: #361b02;\" href=\"http:\/\/www.flowinmeditation.com\" rel=\"nofollow noopener\" target=\"_blank\"><img loading=\"lazy\" decoding=\"async\" class=\"alignright wp-image-776 size-thumbnail\" src=\"http:\/\/basicsforlife.de\/wp-content\/uploads\/2016\/08\/Ich-verzeihe-Dir-Cover-150x150.png\" alt=\"\" width=\"150\" height=\"150\" srcset=\"https:\/\/www.basicsforlife.de\/wp-content\/uploads\/2016\/08\/Ich-verzeihe-Dir-Cover-150x150.png 150w, https:\/\/www.basicsforlife.de\/wp-content\/uploads\/2016\/08\/Ich-verzeihe-Dir-Cover-300x297.png 300w, https:\/\/www.basicsforlife.de\/wp-content\/uploads\/2016\/08\/Ich-verzeihe-Dir-Cover-303x300.png 303w, https:\/\/www.basicsforlife.de\/wp-content\/uploads\/2016\/08\/Ich-verzeihe-Dir-Cover.png 340w\" sizes=\"auto, (max-width: 150px) 100vw, 150px\" \/><\/a><\/span><\/h1>\n<h1><\/h1>\n<h1><span style=\"color: #361b02;\"><em><strong>Aktuelle Informationen<\/strong><\/em><\/span><\/h1>\n<h1><strong style=\"color: #361b02; font-size: revert;\"><a href=\"https:\/\/www.basicsforlife.de\/wp-content\/uploads\/2020\/02\/KLEINES-WUNDER-THUMB.png\"><br \/>\n<img loading=\"lazy\" decoding=\"async\" class=\"alignleft size-medium wp-image-1684\" src=\"https:\/\/www.basicsforlife.de\/wp-content\/uploads\/2020\/02\/KLEINES-WUNDER-THUMB-300x169.png\" alt=\"Interview\" width=\"300\" height=\"169\" srcset=\"https:\/\/www.basicsforlife.de\/wp-content\/uploads\/2020\/02\/KLEINES-WUNDER-THUMB-300x169.png 300w, https:\/\/www.basicsforlife.de\/wp-content\/uploads\/2020\/02\/KLEINES-WUNDER-THUMB-1024x576.png 1024w, https:\/\/www.basicsforlife.de\/wp-content\/uploads\/2020\/02\/KLEINES-WUNDER-THUMB-768x432.png 768w, https:\/\/www.basicsforlife.de\/wp-content\/uploads\/2020\/02\/KLEINES-WUNDER-THUMB-500x281.png 500w, https:\/\/www.basicsforlife.de\/wp-content\/uploads\/2020\/02\/KLEINES-WUNDER-THUMB.png 1280w\" sizes=\"auto, (max-width: 300px) 100vw, 300px\" \/><\/a><\/strong><\/h1>\n","protected":false},"excerpt":{"rendered":"<p>Herzlich Willkommen in der Basics for Life Coachingschule in Hofheim am Taunus! &#8222;Wenn die Sehnsucht gr\u00f6\u00dfer wird als die Angst, entsteht Mut.\u201c\u00a0 (Rainer Maria Rilke) Was ist wahrhaftige Liebe? Manche Menschen glauben, es ist Liebe, um seine Kinder Angst zu &hellip; <a href=\"https:\/\/www.basicsforlife.de\/Hofheim\/\">Weiterlesen <span class=\"meta-nav\">&rarr;<\/span><\/a><\/p>\n","protected":false},"author":2,"featured_media":0,"parent":0,"menu_order":0,"comment_status":"closed","ping_status":"closed","template":"sidebar-page.php","meta":{"footnotes":""},"class_list":["post-20","page","type-page","status-publish","hentry"],"_links":{"self":[{"href":"https:\/\/www.basicsforlife.de\/Hofheim\/wp-json\/wp\/v2\/pages\/20","targetHints":{"allow":["GET"]}}],"collection":[{"href":"https:\/\/www.basicsforlife.de\/Hofheim\/wp-json\/wp\/v2\/pages"}],"about":[{"href":"https:\/\/www.basicsforlife.de\/Hofheim\/wp-json\/wp\/v2\/types\/page"}],"author":[{"embeddable":true,"href":"https:\/\/www.basicsforlife.de\/Hofheim\/wp-json\/wp\/v2\/users\/2"}],"replies":[{"embeddable":true,"href":"https:\/\/www.basicsforlife.de\/Hofheim\/wp-json\/wp\/v2\/comments?post=20"}],"version-history":[{"count":130,"href":"https:\/\/www.basicsforlife.de\/Hofheim\/wp-json\/wp\/v2\/pages\/20\/revisions"}],"predecessor-version":[{"id":2739,"href":"https:\/\/www.basicsforlife.de\/Hofheim\/wp-json\/wp\/v2\/pages\/20\/revisions\/2739"}],"wp:attachment":[{"href":"https:\/\/www.basicsforlife.de\/Hofheim\/wp-json\/wp\/v2\/media?parent=20"}],"curies":[{"name":"wp","href":"https:\/\/api.w.org\/{rel}","templated":true}]}}