{"id":190,"date":"2016-08-12T14:48:22","date_gmt":"2016-08-12T12:48:22","guid":{"rendered":"http:\/\/basicsforlife.de\/?page_id=190"},"modified":"2023-10-16T21:53:55","modified_gmt":"2023-10-16T19:53:55","slug":"agbs","status":"publish","type":"page","link":"https:\/\/www.basicsforlife.de\/Hofheim\/agbs\/","title":{"rendered":"Allgemeine Gesch\u00e4ftsbedingungen"},"content":{"rendered":"<h2><span style=\"color: #361b02;\">Kursteilnahme<\/span><\/h2>\n<p><span style=\"color: #361b02;\">Die\u00a0Seminare k\u00f6nnen\u00a0intensiv, prozessorientiert und herausfordernd sein. Bitte\u00a0best\u00e4tige vorher, dass Du\u00a0k\u00f6rperlich, geistig und emotional in der Lage bist, an diesem Seminar teilzunehmen.<\/span><\/p>\n<p><span style=\"color: #361b02;\">Des Weiteren handelst\u00a0Du in voller Eigenverantwortung und der Besuch dieses Seminars ersetzt keinen Arztbesuch oder eine psychotherapeutische Behandlung.<\/span><\/p>\n<p><span style=\"color: #361b02;\">Bitte\u00a0best\u00e4tige, dass Du\u00a0s\u00e4mtliche Medikamente weiterhin einnimmst und die Einnahme nur nach R\u00fccksprache mit dem behandelnden Arzt aussetzt oder reduzierst.<\/span><\/p>\n<h2><span style=\"color: #361b02;\">Zahlungen<\/span><\/h2>\n<p><span style=\"color: #361b02;\">Der Rechnungsbetrag ist binnen 10 Tagen nach Rechnungseingang bzw. sp\u00e4testens bis zum Kursbeginn zu bezahlen.<\/span><\/p>\n<h3><span style=\"color: #361b02;\">\u00a0<\/span><\/h3>\n<h2><span style=\"color: #361b02;\">R\u00fccktritt<\/span><\/h2>\n<p><span style=\"color: #361b02;\">Ein R\u00fccktritt der Teilnehmer von der Buchung ist bis 3 Monate vor Seminarbeginn kostenfrei m\u00f6glich. Nach Ablauf dieser Zeit werden Stornierungsgeb\u00fchren (siehe unten) erhoben.<\/span><\/p>\n<p>Der Veranstalter beh\u00e4lt sich vor, jederzeit aus Krankheit oder sonstigen Gr\u00fcnden zur\u00fccktreten. In diesem Fall wird er bereis gezahltes Entgelt dem Teilnehmer komplett erstatten. Weitere Erstattungsanspr\u00fcche an ihn bestehen nicht.<\/p>\n<h2><\/h2>\n<h2><span style=\"color: #361b02;\">Stornierungsgeb\u00fchren<\/span><\/h2>\n<p><span style=\"color: #361b02;\">Diese betragen:<\/span><\/p>\n<ul>\n<li><span style=\"color: #361b02;\">bis 3 Monate vor Seminarbeginn: eine Stornierung ist kostenfrei m\u00f6glich<\/span><\/li>\n<li><span style=\"color: #361b02;\">bis 2 Monate vor Seminarbeginn: 15% des Gesamtbetrages<\/span><\/li>\n<li><span style=\"color: #361b02;\">bis 4 Wochen vor Seminarbeginn: 25% des Gesamtbetrages<\/span><\/li>\n<li><span style=\"color: #361b02;\">bis\u00a02 Wochen vor Seminarbeginn: 50% des Gesamtbetrages<\/span><\/li>\n<li><span style=\"color: #361b02;\">ab 13 Tage vor Seminarbeginn: 100% des Gesamtbetrages<\/span><\/li>\n<\/ul>\n<h3><span style=\"color: #361b02;\">\u00a0<\/span><\/h3>\n<h2><span style=\"color: #361b02;\">R\u00fccktrittsversicherung<\/span><\/h2>\n<p><span style=\"color: #361b02;\">Es wird empfohlen, eine Seminar- und Weiterbildungsr\u00fccktrittsversicherung abzuschlie\u00dfen. Weitere Hinweise findest Du\u00a0auf dieser Website unter <a style=\"color: #361b02;\" href=\"http:\/\/basicsforlife.de\/seminarversicherung\/\">Seminarversicherung<\/a>.\u00a0<\/span><\/p>\n<h3><span style=\"color: #361b02;\">\u00a0<\/span><\/h3>\n<h2><span style=\"color: #361b02;\">Umbuchung<\/span><\/h2>\n<p><span style=\"color: #361b02;\">Eine Umbuchung ist nur nach schriftlicher Bekanntgabe an die im Impressum genannte Adresse und mit Einwilligung der &#8222;Basics for Life&#8220;-Schule m\u00f6glich. F\u00fcr jede Umbuchung wird eine Umbuchungsgeb\u00fchr von\u00a050 \u20ac in Rechnung gestellt.<\/span><\/p>\n<h2><span style=\"color: #361b02;\">Anfahrt \/ Heimfahrt<\/span><\/h2>\n<p><span style=\"color: #361b02;\">Der Teilnehmer haftet ausschlie\u00dflich selbst f\u00fcr eventuell entstandenen Schaden w\u00e4hrend des Seminars sowie auf\u00a0dem Hin- und R\u00fcckweg zur Veranstaltung.<\/span><\/p>\n<h2><span style=\"color: #361b02;\">Ausschluss vom Seminar<\/span><\/h2>\n<p><span style=\"color: #361b02;\">Die Seminarleitung kann sich vorbehalten, einzelne Teilnehmer vom Seminar auszuschlie\u00dfen, wenn das Verhalten eines einzelnen Seminarteilnehmers die Entwicklung des Gruppenprozesses behindert oder st\u00f6rt. Diese Entscheidung kann in individuellen Einzelf\u00e4llen notwendig sein. Sollte dies der Fall sein, wird kein Geld zur\u00fcckerstattet.<\/span><\/p>\n<p><span style=\"color: #361b02;\">Im Einzelfall kann die &#8222;Basics for Life&#8220; Schule Personen ohne Bekanntgabe von Gr\u00fcnden den Besuch eines Kurses verweigern.\u00a0<\/span><\/p>\n<h2><span style=\"color: #361b02;\">Alkohol und andere Drogen<\/span><\/h2>\n<p><span style=\"color: #361b02;\">W\u00e4hrend der Kurszeiten und des Abendprogramms ist der Konsum von Alkohol und anderen Drogen nicht erlaubt. Sofern sich jemand nicht daranh\u00e4lt, kann er von der Seminarleitung vom Kurs ausgeschlossen werden.<\/span><\/p>\n<h3><span style=\"color: #361b02;\">\u00a0<\/span><\/h3>\n<h2><span style=\"color: #361b02;\">Mitgebrachte Gegenst\u00e4nde<\/span><\/h2>\n<p><span style=\"color: #361b02;\">F\u00fcr Verlust oder Besch\u00e4digung von eingebrachten Gegenst\u00e4nden, darunter fallen auch pers\u00f6nliche Gegenst\u00e4nde, wird keine Haftung durch den Veranstalter\u00a0\u00fcbernommen. Der Veranstalter\u00a0\u00fcbernimmt f\u00fcr Verlust, Untergang und Besch\u00e4digung keine Haftung, auch nicht f\u00fcr Verm\u00f6genssch\u00e4den. F\u00fcr Besch\u00e4digungen, die durch den\u00a0Teilnehmer\u00a0verursacht werden, haftet dieser in voller H\u00f6he und ausschlie\u00dflich selbst.<\/span><\/p>\n","protected":false},"excerpt":{"rendered":"<p>Kursteilnahme Die\u00a0Seminare k\u00f6nnen\u00a0intensiv, prozessorientiert und herausfordernd sein. Bitte\u00a0best\u00e4tige vorher, dass Du\u00a0k\u00f6rperlich, geistig und emotional in der Lage bist, an diesem Seminar teilzunehmen. Des Weiteren handelst\u00a0Du in voller Eigenverantwortung und der Besuch dieses Seminars ersetzt keinen Arztbesuch oder eine psychotherapeutische Behandlung. &hellip; <a href=\"https:\/\/www.basicsforlife.de\/Hofheim\/agbs\/\">Weiterlesen <span class=\"meta-nav\">&rarr;<\/span><\/a><\/p>\n","protected":false},"author":2,"featured_media":0,"parent":0,"menu_order":0,"comment_status":"closed","ping_status":"closed","template":"","meta":{"footnotes":""},"class_list":["post-190","page","type-page","status-publish","hentry"],"_links":{"self":[{"href":"https:\/\/www.basicsforlife.de\/Hofheim\/wp-json\/wp\/v2\/pages\/190","targetHints":{"allow":["GET"]}}],"collection":[{"href":"https:\/\/www.basicsforlife.de\/Hofheim\/wp-json\/wp\/v2\/pages"}],"about":[{"href":"https:\/\/www.basicsforlife.de\/Hofheim\/wp-json\/wp\/v2\/types\/page"}],"author":[{"embeddable":true,"href":"https:\/\/www.basicsforlife.de\/Hofheim\/wp-json\/wp\/v2\/users\/2"}],"replies":[{"embeddable":true,"href":"https:\/\/www.basicsforlife.de\/Hofheim\/wp-json\/wp\/v2\/comments?post=190"}],"version-history":[{"count":17,"href":"https:\/\/www.basicsforlife.de\/Hofheim\/wp-json\/wp\/v2\/pages\/190\/revisions"}],"predecessor-version":[{"id":2721,"href":"https:\/\/www.basicsforlife.de\/Hofheim\/wp-json\/wp\/v2\/pages\/190\/revisions\/2721"}],"wp:attachment":[{"href":"https:\/\/www.basicsforlife.de\/Hofheim\/wp-json\/wp\/v2\/media?parent=190"}],"curies":[{"name":"wp","href":"https:\/\/api.w.org\/{rel}","templated":true}]}}