{"id":171,"date":"2016-08-12T13:35:59","date_gmt":"2016-08-12T11:35:59","guid":{"rendered":"http:\/\/basicsforlife.de\/?page_id=171"},"modified":"2024-09-09T20:58:00","modified_gmt":"2024-09-09T18:58:00","slug":"meditationen","status":"publish","type":"page","link":"https:\/\/www.basicsforlife.de\/Hofheim\/meditationen\/","title":{"rendered":"Meditationen"},"content":{"rendered":"<h1><span style=\"color: #361b02;\">\u00a0<\/span><\/h1>\n<h1 class=\"art-postcontent clearfix\"><span style=\"color: #361b02;\">Diverse &#8222;Basics for Life&#8220;- Meditationen im Main Taunus Kreis<\/span><\/h1>\n<h2><span style=\"color: #361b02;\">\u00a0<\/span><\/h2>\n<h2 style=\"text-align: center;\"><span style=\"color: #361b02;\"><a style=\"color: #361b02;\" href=\"http:\/\/basicsforlife.de\/wp-content\/uploads\/2016\/08\/Zeremonie.jpg\"><img loading=\"lazy\" decoding=\"async\" class=\"size-medium wp-image-622 aligncenter\" src=\"http:\/\/basicsforlife.de\/wp-content\/uploads\/2016\/08\/Zeremonie-300x169.jpg\" alt=\"\" width=\"300\" height=\"169\" srcset=\"https:\/\/www.basicsforlife.de\/wp-content\/uploads\/2016\/08\/Zeremonie-300x169.jpg 300w, https:\/\/www.basicsforlife.de\/wp-content\/uploads\/2016\/08\/Zeremonie-768x432.jpg 768w, https:\/\/www.basicsforlife.de\/wp-content\/uploads\/2016\/08\/Zeremonie-1024x576.jpg 1024w, https:\/\/www.basicsforlife.de\/wp-content\/uploads\/2016\/08\/Zeremonie-500x281.jpg 500w\" sizes=\"auto, (max-width: 300px) 100vw, 300px\" \/><\/a><\/span><\/h2>\n<h2><span style=\"color: #361b02;\">Du wolltest schon immer mal tiefer in das Thema `Meditieren\u00b4 einsteigen?<\/span><\/h2>\n<p><span style=\"color: #361b02;\">Dann bist Du hier genau richtig. Wir bieten Dir die M\u00f6glichkeit an verschiedenen Live-Abenden in <a style=\"color: #361b02;\" href=\"http:\/\/www.alexandrahoef.com\" rel=\"nofollow noopener\" target=\"_blank\">Hofheim am Taunus<\/a> dabei zu sein.<\/span><\/p>\n<p><span style=\"color: #361b02;\">Hier findest Du zu den verschiedenen Formen entsprechende Informationen.<\/span><\/p>\n<h2><span style=\"color: #361b02;\">\u00a0<\/span><\/h2>\n<h2><span style=\"color: #361b02;\">Welche Formen der Meditation gibt es?<\/span><\/h2>\n<ul>\n<li><a href=\"https:\/\/www.basicsforlife.de\/Hofheim\/energiereise\/\"><span style=\"color: #361b02;\"><strong>Energiereise<\/strong><\/span><\/a><\/li>\n<li><a title=\"Visionsreise\" href=\"https:\/\/www.basicsforlife.de\/Hofheim\/visionsreise\/\" target=\"_blank\" rel=\"noopener\"><span style=\"color: #361b02;\"><strong>Visionsreise<\/strong><\/span><\/a><\/li>\n<li><span style=\"color: #361b02;\"><strong>Atemmeditation<\/strong><\/span><\/li>\n<li><span style=\"color: #361b02;\"><strong>Meditativ wirkende Form in Bewegung<\/strong><\/span><\/li>\n<li><span style=\"color: #361b02;\"><strong>In der Stille<\/strong><\/span><\/li>\n<li><span style=\"color: #361b02;\"><strong><span style=\"caret-color: #361b02;\">`Ich<\/span>\u00a0verzeihe Dir\u00b4 f\u00fcr zuhause<\/strong><\/span><\/li>\n<\/ul>\n<h2><span style=\"color: #361b02;\">\u00a0<\/span><\/h2>\n<h2><span style=\"color: #361b02;\">Die Energiereise &#8211; Die Reise in Dein Unterbewusstsein<\/span><\/h2>\n<p><span style=\"color: #361b02;\">Wir sind davon \u00fcberzeugt, wenn Du etwas zu l\u00f6sen hast, dass die <em><a style=\"color: #361b02;\" href=\"https:\/\/www.basicsforlife.de\/energiereise\/\" target=\"_blank\" rel=\"noopener noreferrer\">Energiereise<\/a><\/em> eine wundervolle Variante daf\u00fcr ist. Sie kommt aus der schamanischen Welt und f\u00fchrt Dich direkt zu Deinem Unterbewusstsein.<\/span><\/p>\n<p><span style=\"color: #361b02;\">Informationen zur Energiereise findest Du <em><a style=\"color: #361b02;\" href=\"https:\/\/www.basicsforlife.de\/energiereise\/\" target=\"_blank\" rel=\"noopener noreferrer\">hier.<\/a><\/em><\/span><\/p>\n<h2><span style=\"color: #361b02;\">Die Visionsreise &#8211; Die Reise in die Welt der Visionen<\/span><\/h2>\n<p><span style=\"color: #361b02;\">Wenn Du Deiner Vision n\u00e4her kommen m\u00f6chtest und eine Idee einer Vision bekommen m\u00f6chtest, oder diese bereits kennst, empfehlen wir Dir die <em><a style=\"color: #361b02;\" href=\"https:\/\/www.basicsforlife.de\/visionsreise\/\" target=\"_blank\" rel=\"noopener noreferrer\">Visionsreise.<\/a><\/em><\/span><\/p>\n<p><span style=\"color: #361b02;\">Informationen zur Visionsreise findest Du <em><a style=\"color: #361b02;\" href=\"https:\/\/www.basicsforlife.de\/visionsreise\/\" target=\"_blank\" rel=\"noopener noreferrer\">hier.<\/a><\/em><\/span><\/p>\n<p><span style=\"color: #361b02;\">Sowohl die Energie- als auch die Visionsreise finden im Liegen mit geschlossenen Augen statt. \u00a0<\/span><\/p>\n<h2><span style=\"color: #361b02;\">Atemmeditation<\/span><\/h2>\n<p><span style=\"color: #361b02;\">Eine meditativ wirkende, sehr tiefgreifende Atemtechnik, die Atemmeditation nach Jesu Kabbal.<\/span><\/p>\n<p><span style=\"color: #361b02;\">Informationen zur Atemmeditation findest Du <a style=\"color: #361b02;\" href=\"https:\/\/www.basicsforlife.de\/atemmeditation\/\" target=\"_blank\" rel=\"noopener noreferrer\">hier.<\/a><\/span><\/p>\n<h2><span style=\"color: #361b02;\">Meditativ wirkende Form in Bewegung<\/span><\/h2>\n<ul>\n<li><span style=\"color: #361b02;\">Eine weitere wundervolle Meditationsform, die jedoch in Bewegung stattfindet, ist ein Trance Tanz in wilder Ekstase und verbundenen Augen.<\/span><\/li>\n<li><span style=\"color: #361b02;\">Eine weitere bewegliche Variante ist die `Aktive Meditation\u00b4.\u00a0<\/span><\/li>\n<\/ul>\n<h2><\/h2>\n<h2><span style=\"color: #361b02;\">Stille Meditation<\/span><\/h2>\n<p><span style=\"color: #361b02;\">In den letzten Jahren habe ich erfahren, dass in der Stille in mir ein unglaubliches Wissen vorhanden ist. Aus diesem Grund g\u00f6nne ich mir immer wieder eine Meditation in der Stille. Manchmal direkt nach dem Aufstehen, erstmal 20 Minuten, einfach nur sitzen und die Augen geschlossen halten. Dieser Tagesstart ist sehr wirksam und der komplette Tag wird entschleunigt, weil ich mich besser auf die Dinge fokussieren kann, die wirklich wichtig sind.\u00a0<\/span><\/p>\n<h2><\/h2>\n<h2><span style=\"color: #361b02;\">Eine Verzeihungsmeditation<\/span><\/h2>\n<h2 class=\"font_8\"><span style=\"color: #361b02;\"><em><strong>Ich verzeihe Dir<\/strong><\/em><\/span><\/h2>\n<p class=\"font_8\"><span style=\"color: #361b02;\">Tief in mir bin ich \u00fcberzeugt, dass es irgendwann einen Tag gibt, an dem wir auf unser Leben zur\u00fcckschauen und dann geht es nicht darum, ob wir immer die Sp\u00fclmaschine einger\u00e4umt haben oder unsere Wohnung vorzeigef\u00e4hig war, sondern darum, wie wir mit den Menschen verbunden waren, die uns wirklich etwas bedeuten.<\/span><\/p>\n<p class=\"font_8\"><span style=\"color: #361b02;\">Gibt es etwas, das zwischen Dir und einer Dir wichtigen Person steht? Was h\u00e4lt Dich ab, Dich zu vers\u00f6hnen? Ich kann Dir nur von ganzem Herzen empfehlen, vergib Dir und dieser Person. Wie oft h\u00f6rt man S\u00e4tze wie: Am Sterbebett habe ich mich mit meiner Mutter vers\u00f6hnt. Sie war mir vorher noch nie so nah, wie in ihren letzten 10 Minuten. Oder: Mein Bruder hat das erste Mal ein richtig gutes und aufrichtiges Gespr\u00e4ch mit meinem Vater zwei Tage vor seinem Tod gef\u00fchrt. Warum warten bis es soweit kommt? Warum nicht das Leben selbst in die Hand nehmen und die Zeit hier auf der Erde nutzen, die wir zusammen haben? Nach zahlreichen Sitzungen habe ich gesehen, dass sich Menschen, die sich verloren hatten, einfach meldeten und gemeinsam weitergingen.<\/span><\/p>\n<p class=\"font_8\"><span style=\"color: #361b02;\">Diese Reise zu Deinen Vergebungskr\u00e4ften ist eine gute Chance, mit Dir und anderen Frieden zu schlie\u00dfen.<\/span><\/p>\n<p class=\"font_8\"><span style=\"color: #361b02;\">Hier kannst Du die <a style=\"color: #361b02;\" href=\"https:\/\/www.paypal.com\/checkoutnow?token=EC-2C689527JB443125X#\/checkout\/signup\" rel=\"nofollow noopener\" target=\"_blank\"><em>Meditation<\/em><\/a> erwerben und Dir die <a style=\"color: #361b02;\" href=\"https:\/\/www.flowinmeditation.com\" rel=\"nofollow noopener\" target=\"_blank\"><em>Anleitung<\/em><\/a> anschauen.\u00a0<\/span><\/p>\n<h2><span style=\"color: #361b02;\">\u00a0<\/span><\/h2>\n<p><span style=\"color: #361b02;\">Solltest Du Fragen zu den einzelnen Meditationsformen haben, kannst Du Dich gerne telefonisch melden unter: 0170 3829975 oder eine Mail schreiben an: kontakt@basicsforlife.de.<\/span><\/p>\n<p><span style=\"color: #361b02;\"><strong>Wir freuen uns auf Deinen Anruf!<\/strong><\/span><\/p>\n<p><span style=\"color: #361b02;\"><strong>Dein &#8222;Basics for Life&#8220;-Team<\/strong><\/span><\/p>\n<div class=\"art-postcontent clearfix\">\n<p><span style=\"color: #361b02;\"><em>Es\u00a0wird ausdr\u00fccklich darauf hingewiesen, dass die oben genannten Veranstaltungen keineswegs den Besuch eines Arztes und dessen diagnostische T\u00e4tigkeit und Behandlung ersetzen kann.<\/em><\/span><\/p>\n<\/div>\n","protected":false},"excerpt":{"rendered":"<p>\u00a0 Diverse &#8222;Basics for Life&#8220;- Meditationen im Main Taunus Kreis \u00a0 Du wolltest schon immer mal tiefer in das Thema `Meditieren\u00b4 einsteigen? Dann bist Du hier genau richtig. Wir bieten Dir die M\u00f6glichkeit an verschiedenen Live-Abenden in Hofheim am Taunus &hellip; <a href=\"https:\/\/www.basicsforlife.de\/Hofheim\/meditationen\/\">Weiterlesen <span class=\"meta-nav\">&rarr;<\/span><\/a><\/p>\n","protected":false},"author":2,"featured_media":252,"parent":0,"menu_order":0,"comment_status":"closed","ping_status":"closed","template":"","meta":{"footnotes":""},"class_list":["post-171","page","type-page","status-publish","has-post-thumbnail","hentry"],"_links":{"self":[{"href":"https:\/\/www.basicsforlife.de\/Hofheim\/wp-json\/wp\/v2\/pages\/171","targetHints":{"allow":["GET"]}}],"collection":[{"href":"https:\/\/www.basicsforlife.de\/Hofheim\/wp-json\/wp\/v2\/pages"}],"about":[{"href":"https:\/\/www.basicsforlife.de\/Hofheim\/wp-json\/wp\/v2\/types\/page"}],"author":[{"embeddable":true,"href":"https:\/\/www.basicsforlife.de\/Hofheim\/wp-json\/wp\/v2\/users\/2"}],"replies":[{"embeddable":true,"href":"https:\/\/www.basicsforlife.de\/Hofheim\/wp-json\/wp\/v2\/comments?post=171"}],"version-history":[{"count":37,"href":"https:\/\/www.basicsforlife.de\/Hofheim\/wp-json\/wp\/v2\/pages\/171\/revisions"}],"predecessor-version":[{"id":2783,"href":"https:\/\/www.basicsforlife.de\/Hofheim\/wp-json\/wp\/v2\/pages\/171\/revisions\/2783"}],"wp:featuredmedia":[{"embeddable":true,"href":"https:\/\/www.basicsforlife.de\/Hofheim\/wp-json\/wp\/v2\/media\/252"}],"wp:attachment":[{"href":"https:\/\/www.basicsforlife.de\/Hofheim\/wp-json\/wp\/v2\/media?parent=171"}],"curies":[{"name":"wp","href":"https:\/\/api.w.org\/{rel}","templated":true}]}}