{"id":1674,"date":"2020-02-19T09:43:47","date_gmt":"2020-02-19T07:43:47","guid":{"rendered":"https:\/\/www.basicsforlife.de\/Hofheim\/?page_id=1674"},"modified":"2021-11-26T21:28:30","modified_gmt":"2021-11-26T19:28:30","slug":"partner","status":"publish","type":"page","link":"https:\/\/www.basicsforlife.de\/Hofheim\/partner\/","title":{"rendered":"Partner &#8211; das unterst\u00fctzen wir"},"content":{"rendered":"\n<p>Bitte habt Verst\u00e4ndnis, dass Basics for Life f\u00fcr die verlinkten Website keine Haftung \u00fcbernehmen kann. Wir haben die Seiten mit bestem Wissen und Gewissen ausgesucht, k\u00f6nnen jedoch die Links nicht st\u00e4ndig \u00fcberpr\u00fcfen. <\/p>\n\n\n\n<p>Wo bestellen wir unsere <strong>Nahrungserg\u00e4nzungsmittel<\/strong>? <\/p>\n\n\n\n<p>Die Qualit\u00e4t von <a aria-label=\"Biogena (opens in a new tab)\" class=\"rank-math-link\" href=\"http:\/\/www.biogena.com\" target=\"_blank\" rel=\"noreferrer noopener nofollow\">Biogena<\/a> hat uns aufgrund des Reinsubstanzenprinzips sehr \u00fcberzeugt. \u00dcberzeuge Dich selbst. Falls Du Beratung ben\u00f6tigst, melde Dich gerne bei uns.  <\/p>\n\n\n\n<h2 class=\"wp-block-heading\">Handpan-Unterricht<\/h2>\n\n\n\n<p><strong><em>Paul Erdmann<\/em><\/strong> leitet die Handpanschule in K\u00f6ln. Seine Leidenschaft des Musizieren hat er vor einigen Jahren zu seiner Berufung gemacht. Wenn Du an Workshops &amp; Handpan Unterricht interessiert bist, dann empfehle ich Dir die K\u00f6lner Handpanschule online und verschaffe Dir einen \u00dcberblick \u00fcber das komplette Angebot. <a rel=\"noreferrer noopener nofollow\" aria-label=\"www.handpanschule.de\/handpan-lernen (\u00f6ffnet in neuem Tab)\" href=\"http:\/\/www.handpanschule.de\/handpan-lernen\" target=\"_blank\">www.handpanschule.de\/handpan-lernen<\/a><\/p>\n","protected":false},"excerpt":{"rendered":"<p>Bitte habt Verst\u00e4ndnis, dass Basics for Life f\u00fcr die verlinkten Website keine Haftung \u00fcbernehmen kann. Wir haben die Seiten mit bestem Wissen und Gewissen ausgesucht, k\u00f6nnen jedoch die Links nicht st\u00e4ndig \u00fcberpr\u00fcfen. Wo bestellen wir unsere Nahrungserg\u00e4nzungsmittel? Die Qualit\u00e4t von &hellip; <a href=\"https:\/\/www.basicsforlife.de\/Hofheim\/partner\/\">Weiterlesen <span class=\"meta-nav\">&rarr;<\/span><\/a><\/p>\n","protected":false},"author":2,"featured_media":0,"parent":0,"menu_order":0,"comment_status":"closed","ping_status":"closed","template":"","meta":{"footnotes":""},"class_list":["post-1674","page","type-page","status-publish","hentry"],"_links":{"self":[{"href":"https:\/\/www.basicsforlife.de\/Hofheim\/wp-json\/wp\/v2\/pages\/1674","targetHints":{"allow":["GET"]}}],"collection":[{"href":"https:\/\/www.basicsforlife.de\/Hofheim\/wp-json\/wp\/v2\/pages"}],"about":[{"href":"https:\/\/www.basicsforlife.de\/Hofheim\/wp-json\/wp\/v2\/types\/page"}],"author":[{"embeddable":true,"href":"https:\/\/www.basicsforlife.de\/Hofheim\/wp-json\/wp\/v2\/users\/2"}],"replies":[{"embeddable":true,"href":"https:\/\/www.basicsforlife.de\/Hofheim\/wp-json\/wp\/v2\/comments?post=1674"}],"version-history":[{"count":5,"href":"https:\/\/www.basicsforlife.de\/Hofheim\/wp-json\/wp\/v2\/pages\/1674\/revisions"}],"predecessor-version":[{"id":2270,"href":"https:\/\/www.basicsforlife.de\/Hofheim\/wp-json\/wp\/v2\/pages\/1674\/revisions\/2270"}],"wp:attachment":[{"href":"https:\/\/www.basicsforlife.de\/Hofheim\/wp-json\/wp\/v2\/media?parent=1674"}],"curies":[{"name":"wp","href":"https:\/\/api.w.org\/{rel}","templated":true}]}}