{"id":142,"date":"2016-08-11T23:49:45","date_gmt":"2016-08-11T21:49:45","guid":{"rendered":"http:\/\/basicsforlife.de\/?page_id=142"},"modified":"2024-07-21T16:04:21","modified_gmt":"2024-07-21T14:04:21","slug":"coachingausbildung_lebeninleichtigkeit","status":"publish","type":"page","link":"https:\/\/www.basicsforlife.de\/Hofheim\/coachingausbildung_lebeninleichtigkeit\/","title":{"rendered":"Leben in Leichtigkeit &#8211; Ausbildung"},"content":{"rendered":"<h2><span style=\"color: #361b02;\">\u00a0<\/span><\/h2>\n<p><span style=\"color: #361b02;\">Du hast vielleicht schon an einem &#8222;Leben in Leichtigkeit&#8220;-Workshop teilgenommen oder konntest Dir diverse Themen in einer &#8222;LIL&#8220;-Sitzung anschauen und transformieren.<\/span><\/p>\n<p><span style=\"color: #361b02;\">Du m\u00f6chtest Dir gerne diese Therapieform aneignen und dabei durch einen weiteren tiefen Prozess zu Dir selbst kommen? Dann bist Du hier genau richtig.<\/span><\/p>\n<h2><span style=\"color: #361b02;\">\u00a0<\/span><\/h2>\n<h2><span style=\"color: #361b02;\">Inhalt der &#8222;Leben in Leichtigkeit&#8220;-Ausbildung<\/span><\/h2>\n<p><span style=\"color: #361b02;\">In dieser Ausbildung erf\u00e4hrst und erlernst Du:<\/span><\/p>\n<ul>\n<li><span style=\"color: #361b02;\">Methoden zur Erkennung und Aufl\u00f6sung von (Familien)-Mustern<\/span><\/li>\n<li><span style=\"color: #361b02;\">Erkennen und Aufl\u00f6sen von belastenden Glaubenss\u00e4tzen<\/span><\/li>\n<li><span style=\"color: #361b02;\">Erkennen und Aufl\u00f6sen von Krafts\u00e4tzen, die auf das\u00a0Leben wirken<\/span><\/li>\n<li><span style=\"color: #361b02;\">Entscheidungen zu treffen<\/span><\/li>\n<li><span style=\"color: #361b02;\">Einen Verzeihungsprozess anzuwenden und Frieden zu sp\u00fcren<\/span><\/li>\n<li><span style=\"color: #361b02;\">Dinge aus vergangenen\u00a0Leben zu transformieren<\/span><\/li>\n<li><span style=\"color: #361b02;\">Befreiung und Integration von abgespaltenen (Seelen-)Anteilen<\/span><\/li>\n<li><span style=\"color: #361b02;\">Und nat\u00fcrlich alle Bausteine und L\u00f6sungss\u00e4tze der Leben in Leichtigkeit Sitzungen<\/span><\/li>\n<\/ul>\n<p><span style=\"color: #361b02;\">Diese Methode ist insbesondere f\u00fcr Menschen, denen es wichtig ist zu verstehen, wieso ein Muster oder eine Problematik entstanden ist. In meiner Praxis kombiniere ich meist die &#8222;Leben in Leichtigkeit&#8220;-Sitzung mit der &#8222;Basics for Life&#8220;-Sitzung. Dadurch bekommen die Sitzungen eine besondere\u00a0Tiefe. Mit\u00a0&#8222;LIL&#8220; ist es oftmals m\u00f6glich, durch die Emotionen zu den Urspr\u00fcngen zu gelangen und genau dort den Transformationsprozess anzusto\u00dfen. Durch die besondere\u00a0Fragetechnik von &#8222;LIL&#8220; kommt der Klient tiefer und tiefer, um dann die energetische Transformation durch die &#8222;Basics for Life&#8220;-Technik zu erfahren. Die Verbindung dieser beiden extrem effektiven\u00a0Methoden\u00a0wirkt\u00a0in den tiefen Urspr\u00fcngen und ist deshalb so hilfreich, um sich selbst und andere besser zu verstehen.\u00a0<\/span><span style=\"color: #361b02;\">\u00a0<\/span><\/p>\n<h2><span style=\"color: #361b02;\">Voraussetzungen f\u00fcr die &#8222;Leben in Leichtigkeit&#8220;-Ausbildung<\/span><\/h2>\n<ul>\n<li><span style=\"color: #361b02;\">Du solltest mindestens zwei Sitzungen erfahren oder<\/span><\/li>\n<li><span style=\"color: #361b02;\">An einem &#8222;Leben in Leichtigkeit&#8220;-Workshop teilgenommen haben<\/span><\/li>\n<li>Interesse an innerem Wachstum haben<\/li>\n<\/ul>\n<p><span style=\"color: #361b02;\"><strong>Kursdauer<\/strong><\/span><\/p>\n<p><span style=\"color: #361b02;\">Die &#8222;Leben in Leichtigkeit&#8220;-Ausbildung besteht aus drei Ausbildungsmodulen und kann nur zusammen gebucht werden.\u00a0<\/span><\/p>\n<p><span style=\"color: #361b02;\">Die genauen Uhrzeiten erf\u00e4hrst Du bei Anmeldung. Im Regelfall bewegen sie sich innerhalb dieser Kurszeiten:<\/span><\/p>\n<p><span style=\"color: #361b02;\">Fr. 17:00 bis 21:00 Uhr<\/span><\/p>\n<p><span style=\"color: #361b02;\">Sa. 10:00 bis 16:00 Uhr<\/span><\/p>\n<p><span style=\"color: #361b02;\">So. 10:00 bis 14:00 Uhr<\/span><\/p>\n<p><span style=\"color: #361b02;\">Hier geht es zu den\u00a0<a href=\"https:\/\/www.basicsforlife.de\/termine\/\" target=\"_blank\" rel=\"noopener noreferrer\"><em>Terminen und Preisen.<\/em><\/a><\/span><\/p>\n<p><span style=\"color: #361b02;\">Und hier geht es zur<em>\u00a0<a href=\"https:\/\/www.basicsforlife.de\/Hofheim\/anmeldung-Leben-in-leichtigkeit-ausbildung\/\">Anmeldung<\/a>.<\/em><\/span><\/p>\n","protected":false},"excerpt":{"rendered":"<p>\u00a0 Du hast vielleicht schon an einem &#8222;Leben in Leichtigkeit&#8220;-Workshop teilgenommen oder konntest Dir diverse Themen in einer &#8222;LIL&#8220;-Sitzung anschauen und transformieren. Du m\u00f6chtest Dir gerne diese Therapieform aneignen und dabei durch einen weiteren tiefen Prozess zu Dir selbst kommen? &hellip; <a href=\"https:\/\/www.basicsforlife.de\/Hofheim\/coachingausbildung_lebeninleichtigkeit\/\">Weiterlesen <span class=\"meta-nav\">&rarr;<\/span><\/a><\/p>\n","protected":false},"author":2,"featured_media":0,"parent":0,"menu_order":0,"comment_status":"closed","ping_status":"closed","template":"","meta":{"footnotes":""},"class_list":["post-142","page","type-page","status-publish","hentry"],"_links":{"self":[{"href":"https:\/\/www.basicsforlife.de\/Hofheim\/wp-json\/wp\/v2\/pages\/142","targetHints":{"allow":["GET"]}}],"collection":[{"href":"https:\/\/www.basicsforlife.de\/Hofheim\/wp-json\/wp\/v2\/pages"}],"about":[{"href":"https:\/\/www.basicsforlife.de\/Hofheim\/wp-json\/wp\/v2\/types\/page"}],"author":[{"embeddable":true,"href":"https:\/\/www.basicsforlife.de\/Hofheim\/wp-json\/wp\/v2\/users\/2"}],"replies":[{"embeddable":true,"href":"https:\/\/www.basicsforlife.de\/Hofheim\/wp-json\/wp\/v2\/comments?post=142"}],"version-history":[{"count":42,"href":"https:\/\/www.basicsforlife.de\/Hofheim\/wp-json\/wp\/v2\/pages\/142\/revisions"}],"predecessor-version":[{"id":2774,"href":"https:\/\/www.basicsforlife.de\/Hofheim\/wp-json\/wp\/v2\/pages\/142\/revisions\/2774"}],"wp:attachment":[{"href":"https:\/\/www.basicsforlife.de\/Hofheim\/wp-json\/wp\/v2\/media?parent=142"}],"curies":[{"name":"wp","href":"https:\/\/api.w.org\/{rel}","templated":true}]}}