{"id":129,"date":"2016-08-11T21:55:15","date_gmt":"2016-08-11T19:55:15","guid":{"rendered":"http:\/\/basicsforlife.de\/?page_id=129"},"modified":"2024-01-19T22:50:46","modified_gmt":"2024-01-19T20:50:46","slug":"inhaberin","status":"publish","type":"page","link":"https:\/\/www.basicsforlife.de\/Hofheim\/inhaberin\/","title":{"rendered":"Inhaberin der Coachingschule"},"content":{"rendered":"<h1><\/h1>\n<p><a href=\"https:\/\/www.basicsforlife.de\/wp-content\/uploads\/2024\/01\/Alexandra.jpg\"><img loading=\"lazy\" decoding=\"async\" class=\"size-full wp-image-2735 aligncenter\" src=\"https:\/\/www.basicsforlife.de\/wp-content\/uploads\/2024\/01\/Alexandra.jpg\" alt=\"\" width=\"280\" height=\"276\" \/><\/a><\/p>\n<h1><span style=\"color: #361b02;\"><strong><em>Alexandra H\u00f6f<\/em><\/strong><\/span><\/h1>\n<p><span style=\"color: #361b02;\"><strong>Meine Philosophie\u00a0<\/strong><\/span><\/p>\n<p><span style=\"color: #361b02;\">Es gibt nichts wundervolleres, als Menschen auf ihrem Weg in ihre wahre Kraft zu begleiten!<\/span><\/p>\n<p><span style=\"color: #361b02;\">In einer &#8222;Basics for Life&#8220; -Einzelsitzung kannst Du Steine aus Deinem (Lebens-)Weg r\u00e4umen und viele\u00a0Themen l\u00f6sen und ver\u00e4ndern. W\u00e4hrend eines mehrt\u00e4gigen &#8222;Basics for Life&#8220; -Kurses kannst Du richtige Felsen sprengen und beginnen, Dein Leben wirklich nach Deinen Vorstellungen zu leben.<\/span><\/p>\n<p><span style=\"color: #361b02;\">Aus genau diesem Grund habe ich die &#8222;Basics for Life&#8220;-Schule gegr\u00fcndet! Denn&#8230;<\/span><\/p>\n<p><span style=\"color: #361b02;\"><em>&#8230;wenn Du etwas erreichen m\u00f6chtest, was Du noch nie erreicht hast, musst Du etwas tun, was Du noch nie getan hast. (Chinesisches\u00a0Sprichwort)<\/em><\/span><\/p>\n<p><span style=\"color: #361b02;\">Ich wei\u00df genau, wie Du Dich f\u00fchlst. Vor vielen Jahren ging es\u00a0<span style=\"color: #361b02;\"><span style=\"caret-color: #361b02;\">mir<\/span><\/span>\u00a0genauso. Ich wusste, es muss sich etwas \u00e4ndern, aber ich hatte so eine riesige Angst davor. <\/span><\/p>\n<p><span style=\"color: #361b02;\">Wer verl\u00e4sst schon gerne die Komfortzone? \u00a0<\/span><\/p>\n<p><span style=\"color: #361b02;\">Wenn ich heute zur\u00fcckschaue wei\u00df ich, das war das Beste was ich damals tun konnte.\u00a0<\/span><\/p>\n<p><span style=\"color: #361b02;\">Anfangen aufzur\u00e4umen&#8230;.<\/span><\/p>\n<p><span style=\"color: #361b02;\">Ich freue mich darauf,\u00a0Dich kennenzulernen!<\/span><\/p>\n<p><span style=\"color: #361b02;\">Alexandra<\/span><\/p>\n<p><span style=\"color: #361b02;\">Hier kannst Du mehr <a href=\"https:\/\/www.alexandrahoef.com\/ueber-mich\" rel=\"nofollow noopener\" target=\"_blank\">\u00fcber mich<\/a> und meine\u00a0<a style=\"color: #361b02;\" href=\"https:\/\/www.alexandrahoef.com\" target=\"_blank\" rel=\"noopener nofollow\"><em>Heilpraktikerpraxis\u00a0<\/em><\/a>in Hofheim am Taunus erfahren oder eine Sitzung bei mir\u00a0<a href=\"https:\/\/www.basicsforlife.de\/Coaching_Hofheim\/kontakt\/\"><em><strong>buchen<\/strong><\/em><\/a>.<\/span><\/p>\n","protected":false},"excerpt":{"rendered":"<p>Alexandra H\u00f6f Meine Philosophie\u00a0 Es gibt nichts wundervolleres, als Menschen auf ihrem Weg in ihre wahre Kraft zu begleiten! In einer &#8222;Basics for Life&#8220; -Einzelsitzung kannst Du Steine aus Deinem (Lebens-)Weg r\u00e4umen und viele\u00a0Themen l\u00f6sen und ver\u00e4ndern. W\u00e4hrend eines mehrt\u00e4gigen &hellip; <a href=\"https:\/\/www.basicsforlife.de\/Hofheim\/inhaberin\/\">Weiterlesen <span class=\"meta-nav\">&rarr;<\/span><\/a><\/p>\n","protected":false},"author":2,"featured_media":0,"parent":0,"menu_order":0,"comment_status":"closed","ping_status":"closed","template":"","meta":{"footnotes":""},"class_list":["post-129","page","type-page","status-publish","hentry"],"_links":{"self":[{"href":"https:\/\/www.basicsforlife.de\/Hofheim\/wp-json\/wp\/v2\/pages\/129","targetHints":{"allow":["GET"]}}],"collection":[{"href":"https:\/\/www.basicsforlife.de\/Hofheim\/wp-json\/wp\/v2\/pages"}],"about":[{"href":"https:\/\/www.basicsforlife.de\/Hofheim\/wp-json\/wp\/v2\/types\/page"}],"author":[{"embeddable":true,"href":"https:\/\/www.basicsforlife.de\/Hofheim\/wp-json\/wp\/v2\/users\/2"}],"replies":[{"embeddable":true,"href":"https:\/\/www.basicsforlife.de\/Hofheim\/wp-json\/wp\/v2\/comments?post=129"}],"version-history":[{"count":59,"href":"https:\/\/www.basicsforlife.de\/Hofheim\/wp-json\/wp\/v2\/pages\/129\/revisions"}],"predecessor-version":[{"id":2736,"href":"https:\/\/www.basicsforlife.de\/Hofheim\/wp-json\/wp\/v2\/pages\/129\/revisions\/2736"}],"wp:attachment":[{"href":"https:\/\/www.basicsforlife.de\/Hofheim\/wp-json\/wp\/v2\/media?parent=129"}],"curies":[{"name":"wp","href":"https:\/\/api.w.org\/{rel}","templated":true}]}}