{"id":127,"date":"2016-08-11T21:48:00","date_gmt":"2016-08-11T19:48:00","guid":{"rendered":"http:\/\/basicsforlife.de\/?page_id=127"},"modified":"2021-01-12T13:12:30","modified_gmt":"2021-01-12T11:12:30","slug":"ueber-uns","status":"publish","type":"page","link":"https:\/\/www.basicsforlife.de\/Hofheim\/ueber-uns\/","title":{"rendered":"\u00dcber das Team der Coachingschule"},"content":{"rendered":"<h2><span style=\"color: #361b02;\">Dein &#8222;Basics for Life&#8220;-Team:<\/span><\/h2>\n<p><span style=\"color: #361b02;\">Wir haben mehr als&nbsp;13 Jahre Erfahrung mit Klienten in \u00fcber&nbsp;10.000 Sitzungen. Alles was wir Euch empfehlen, haben wir selbst erfahren und wissen, dass es funktioniert! Es geht darum, Dein Schweregef\u00fchl, Deinen Ballast und Deine Blockaden zu l\u00f6sen und Deinen \u00c4ngsten und inneren Unsicherheiten zu begegnen, so dass Du in Deine Kraft kommst. Du wirst sehen: Immer wenn Du Dich einer Blockade stellst und sie bew\u00e4ltigst, wird Dein Leben hinterher leichter&nbsp;werden. Das hei\u00dft nicht, dass Du nicht mehrere Runden drehen musst, aber nach jeder Runde wei\u00dft Du, wof\u00fcr Du es getan hast.<\/span><\/p>\n<p><span style=\"color: #361b02;\"><strong>Uns geht es darum, Dich genau dorthin&nbsp;zu bringen:<\/strong><\/span><\/p>\n<ul>\n<li><span style=\"color: #361b02;\"><strong>Dir eine Methode an die Hand zu geben, mit der Du selbst Themen l\u00f6sen kannst<\/strong><\/span><\/li>\n<li><span style=\"color: #361b02;\"><strong>Dir zu zeigen, was es bedeutet, aus dem Herzen zu handeln<\/strong><\/span><\/li>\n<li><span style=\"color: #361b02;\"><strong>&#8222;F\u00fcnfe gerade sein zu lassen&#8220;<\/strong><\/span><\/li>\n<li><span style=\"color: #361b02;\"><strong>Liebevoll mit Dir selbst und anderen umzugehen<\/strong><\/span><\/li>\n<li><span style=\"color: #361b02;\"><strong>Leichtigkeit in Dein Leben zu bringen und<\/strong><\/span><\/li>\n<li><span style=\"color: #361b02;\"><strong>Abh\u00e4ngigkeiten aufzul\u00f6sen<\/strong><\/span><\/li>\n<\/ul>\n<p><span style=\"color: #361b02;\">Der Prozess ist nie wirklich zu Ende, aber die Abst\u00e4nde zwischen den Themen werden gr\u00f6\u00dfer und leichter.&nbsp;Immer weniger Themen resonieren mit dem eigenen Feld. Dadurch entsteht eine enorme Lebensqualit\u00e4t.&nbsp;<\/span><\/p>\n<p><span style=\"color: #361b02;\">Alle Kurse werden von <a style=\"color: #361b02;\" href=\"http:\/\/basicsforlife.de\/meditation-transformation-achtsamkeit-energiearbeit-mtk-dozentin\/\" target=\"_blank\" rel=\"noopener\"><em>Alexandra H\u00f6f<\/em><\/a>&nbsp;und ihrem Team geleitet. Wer uns&nbsp;gerne vorab kennenlernen m\u00f6chte, kann eine Sitzung <a style=\"color: #361b02;\" href=\"http:\/\/basicsforlife.de\/kontakt\/\">buchen<\/a> oder sich zu einer <em><a style=\"color: #361b02;\" href=\"http:\/\/basicsforlife.de\/transformation-energiearbeit-selbstfindung-achtsamkeit-meditationen\/\" target=\"_blank\" rel=\"noopener\">Meditation <\/a><\/em>anmelden. <\/span><\/p>\n<p><span style=\"color: #361b02;\">Hier geht es zu den&nbsp;<a style=\"color: #361b02;\" href=\"http:\/\/basicsforlife.de\/meditation-transformation-achtsamkeit-termine\/\">Terminen&nbsp;und Preisen<\/a>.<\/span><\/p>\n<p><span style=\"color: #361b02;\">Bei weiteren Fragen kannst Du gerne Kontakt zu uns aufnehmen. <\/span><\/p>\n<p><span style=\"color: #361b02;\"><strong>Wir freuen uns, Dich kennenzulernen!<\/strong><\/span><\/p>\n<p><span style=\"color: #361b02;\"><strong>Dein &#8222;Basics for Life&#8220;-Team<\/strong><\/span><\/p>\n","protected":false},"excerpt":{"rendered":"<p>Dein &#8222;Basics for Life&#8220;-Team: Wir haben mehr als&nbsp;13 Jahre Erfahrung mit Klienten in \u00fcber&nbsp;10.000 Sitzungen. Alles was wir Euch empfehlen, haben wir selbst erfahren und wissen, dass es funktioniert! Es geht darum, Dein Schweregef\u00fchl, Deinen Ballast und Deine Blockaden zu &hellip; <a href=\"https:\/\/www.basicsforlife.de\/Hofheim\/ueber-uns\/\">Weiterlesen <span class=\"meta-nav\">&rarr;<\/span><\/a><\/p>\n","protected":false},"author":2,"featured_media":0,"parent":0,"menu_order":0,"comment_status":"closed","ping_status":"closed","template":"","meta":{"footnotes":""},"class_list":["post-127","page","type-page","status-publish","hentry"],"_links":{"self":[{"href":"https:\/\/www.basicsforlife.de\/Hofheim\/wp-json\/wp\/v2\/pages\/127","targetHints":{"allow":["GET"]}}],"collection":[{"href":"https:\/\/www.basicsforlife.de\/Hofheim\/wp-json\/wp\/v2\/pages"}],"about":[{"href":"https:\/\/www.basicsforlife.de\/Hofheim\/wp-json\/wp\/v2\/types\/page"}],"author":[{"embeddable":true,"href":"https:\/\/www.basicsforlife.de\/Hofheim\/wp-json\/wp\/v2\/users\/2"}],"replies":[{"embeddable":true,"href":"https:\/\/www.basicsforlife.de\/Hofheim\/wp-json\/wp\/v2\/comments?post=127"}],"version-history":[{"count":16,"href":"https:\/\/www.basicsforlife.de\/Hofheim\/wp-json\/wp\/v2\/pages\/127\/revisions"}],"predecessor-version":[{"id":2052,"href":"https:\/\/www.basicsforlife.de\/Hofheim\/wp-json\/wp\/v2\/pages\/127\/revisions\/2052"}],"wp:attachment":[{"href":"https:\/\/www.basicsforlife.de\/Hofheim\/wp-json\/wp\/v2\/media?parent=127"}],"curies":[{"name":"wp","href":"https:\/\/api.w.org\/{rel}","templated":true}]}}