{"id":1170,"date":"2018-10-28T08:39:12","date_gmt":"2018-10-28T06:39:12","guid":{"rendered":"https:\/\/www.basicsforlife.de\/?page_id=1170"},"modified":"2025-04-07T15:59:37","modified_gmt":"2025-04-07T13:59:37","slug":"coaching-hofheim","status":"publish","type":"page","link":"https:\/\/www.basicsforlife.de\/Hofheim\/coaching-hofheim\/","title":{"rendered":"Coaching Methode"},"content":{"rendered":"<h2><span style=\"color: #361b02;\">&#8222;Basics for Life&#8220; &#8211; Coaching in <a href=\"https:\/\/www.google.de\/maps\/place\/65719+Hofheim+am+Taunus\/@50.0941339,8.3388897,12z\/data=!3m1!4b1!4m5!3m4!1s0x47bda3af95ff25eb:0x422435029b09f90!8m2!3d50.0841829!4d8.4432295\" rel=\"nofollow noopener\" target=\"_blank\">Hofheim am Taunus<\/a><\/span><\/h2>\n<p><span style=\"color: #361b02;\">Wie sch\u00f6n, dass Du zu uns gefunden hast.<\/span><\/p>\n<p><span style=\"color: #361b02;\">Wie oft hast Du versucht, Deine Thematik mit dem Kopf zu l\u00f6sen? Ich vermute sehr oft, aber es hat nicht geklappt. Oder jedenfalls in einem Bereich nicht geklappt. Deswegen suchen wir in einem `Basics for Life\u00b4 Coaching eine andere Form der L\u00f6sung.<\/span><\/p>\n<h2><span style=\"color: #361b02;\">Was ist das Besondere an einem &#8222;Basics for Life&#8220; Coaching?<\/span><\/h2>\n<p><span style=\"color: #361b02;\">Es geht in dieser Sitzungsform nicht darum, eine weitere To-Do-Liste aufzustellen und in die Handlung zu kommen, sondern dem f\u00fchlbaren, riesigen Berg vor Dir die Macht zu nehmen. Sobald dies geschehen ist, wirst Du automatisch mit leichteren Schritten vorw\u00e4rts gehen k\u00f6nnen.<\/span><\/p>\n<div class=\"\"><span class=\"\" style=\"color: #361b02;\">Meistens gibt es etwas im Leben, was man nicht f\u00fchlen m\u00f6chte, dies aber wie ein Magnet wirkt und man kommt immer wieder an diese Grenze, dass man es doch wieder f\u00fchlen muss. Egal wieviel man sich ablenkt, irgendwo zieht dieser Magnet immer wieder. Erst wenn er durch und durch verstanden oder durch und durch gef\u00fchlt wurde, kann er sich l\u00f6sen. Manche Menschen schaffen es, diese sich ansammelnde Schwere durch Sport kleiner zu halten, merken aber wenn sie eine zeitlang keinen Sport machen, dass etwas in ihnen brodelt. Sport ist quasi das Konzept mit dem `es\u00b4 im Griff gehalten wird. Aber es wird dadurch nie wirklich gel\u00f6st. Wenn Du ein Leben hast, mit dem Du gl\u00fccklich bist, brauchst Du nicht ann\u00e4hernd diese Menge an Sport, um Dich gut zu f\u00fchlen, wie jemand der Sport machen muss, um diese, ich nenne es hier mal Schwere, im Griff zu halten.\u00a0<\/span><\/div>\n<div class=\"\"><span class=\"\" style=\"color: #361b02;\">Nat\u00fcrlich kannst Du dann auch viel Sport machen. Sport ist immer gut, aber dann ist es kein Problem, wenn Du mal eine Weile eine Pause machst. Es entsteht nicht bald wieder diese Ruhelosigkeit.\u00a0<\/span><\/div>\n<div><\/div>\n<div><span style=\"color: #361b02;\">Es gibt auch die umgekehrten F\u00e4lle. Diese Menschen sind so von der Schwere \u00fcbermannt, dass sie es erst gar nicht schaffen, Sport auszu\u00fcben. Die Folge kann ein Burnout oder eine Depression sein.\u00a0<\/span><\/div>\n<div><\/div>\n<h3><span style=\"color: #361b02;\">Welche Themen kann man in einem \u201eBasics for Life\u201c Coaching bearbeiten?<\/span><\/h3>\n<ul>\n<li><span style=\"color: #361b02;\">Stillstand \/ Stagnation im Leben<\/span><\/li>\n<li><span style=\"color: #361b02;\">Mangelndes Selbstwertgef\u00fchl<\/span><\/li>\n<li><span style=\"color: #361b02;\">\u00c4ngste vor Ver\u00e4nderungen<\/span><\/li>\n<li><span style=\"color: #361b02;\">Jegliche Art von Konflikten, beruflich und privat<\/span><\/li>\n<li><span style=\"color: #361b02;\">\u00dcberforderung sowohl beruflich als auch im Privatleben<\/span><\/li>\n<li><span style=\"color: #361b02;\">\u00dcberforderung w\u00e4hrend der Schulzeit oder w\u00e4hrend des Studiums<\/span><\/li>\n<li><span style=\"color: #361b02;\">\u00dcberforderungen, die fr\u00fcher erlebt wurden und sich heute noch auf das Leben auswirken<\/span><\/li>\n<li><span style=\"color: #361b02;\">Stagnation in Projekten<\/span><\/li>\n<li><span style=\"color: #361b02;\">Berufliche Sackgassen<\/span><\/li>\n<li><span style=\"color: #361b02;\">Du bist in einer F\u00fchrungsposition und f\u00fchlst Dich dem nicht gewachsen<\/span><\/li>\n<li><span style=\"color: #361b02;\">Beziehungskonflikte, -probleme<\/span><\/li>\n<li><span style=\"color: #361b02;\">K\u00f6rperliche Symptome, die durch bewusste oder unbewusste Konflikte bzw. Ungleichgewichte ausgel\u00f6st werden<\/span><\/li>\n<li><span style=\"color: #361b02;\">Du w\u00fcrdest gerne Deine Berufung leben, bist aber in einer Situation gefangen, die dies nicht zul\u00e4sst<\/span><\/li>\n<li><span style=\"color: #361b02;\">Ungel\u00f6ste Konflikte mit den Eltern \/ Schwiegereltern oder anderen Familienangeh\u00f6rigen<\/span><\/li>\n<li><span style=\"color: #361b02;\">Unerf\u00fcllter Kinderwunsch<\/span><\/li>\n<li><span style=\"color: #361b02;\">\u00c4ngste in der Schwangerschaft<\/span><\/li>\n<li><span style=\"color: #361b02;\">\u00c4ngste und Sorgen um andere<\/span><\/li>\n<li><span style=\"color: #361b02;\">Erbstreitigkeiten<\/span><\/li>\n<\/ul>\n<p><span style=\"color: #361b02;\">Diese Liste l\u00e4sst sich durch alles erg\u00e4nzen, was Dich davon abh\u00e4lt, Dein Leben so zu leben, wie Du es Dir vorstellst und eigentlich m\u00f6chtest.<\/span><\/p>\n<h2><span style=\"color: #361b02;\">Kann ich mit Sport nicht das gleiche erreichen wie mit einer &#8222;Basics for Life&#8220; Session?<\/span><\/h2>\n<p><span style=\"caret-color: #361b02; color: #361b02;\">Vielleicht machst Du fast t\u00e4glich Sport, um diesen Berg klein zu halten. Und es ist gef\u00fchlt auch so, wenn Du Sport gemacht hast, f\u00fchlst Du Dich erstmal besser und dann f\u00e4ngt langsam diese Schwere wieder an. Wenn Du Dich dann nicht wieder sportlich bet\u00e4tigst, wirst Du langsam unzufrieden und f\u00fchlst Dich unwohl.<\/span><\/p>\n<p><span style=\"color: #361b02;\">Wenn Du zu uns kommst und 3 Sitzungen in Reihe buchst, kann ich Dir versprechen, dass sich einiges in Deinem Leben ver\u00e4ndern wird. Das liegt daran, dass wir an die Ursache gehen und Dir dort weiterhelfen und nicht nur die Bergspitze kurzfristig reduzieren.\u00a0<\/span><\/p>\n<h2><span style=\"color: #361b02;\">Muss ich f\u00fcr eine Sitzung vor Ort sein oder geht dies auch telefonisch?<\/span><\/h2>\n<p><span style=\"color: #361b02;\">Wenn Du Dich entschieden hast, die Verantwortung zu \u00fcbernehmen und etwas zu ver\u00e4ndern, melde Dich gerne bei mir.\u00a0<\/span><\/p>\n<p><span style=\"color: #361b02;\">Du kannst entweder zu mir nach Hofheim am Taunus kommen oder eine Skype-Sitzung buchen.\u00a0<\/span><\/p>\n<h2><span style=\"color: #361b02;\">Was genau passiert bei einer \u201cBasics for Life\u201c &#8211; Sitzung?<\/span><\/h2>\n<p><span style=\"color: #361b02;\">Um sich den Ablauf genauer vorstellen zu k\u00f6nnen, folgt ein fiktives Beispiel:<\/span><\/p>\n<p><span style=\"color: #361b02;\">Zu Beginn der Sitzung definiert der\/die Klient*in das Thema, welches behandelt werden soll.<\/span><\/p>\n<p><span style=\"color: #361b02;\">Beispielsweise k\u00f6nnte eine Klientin beschreiben, dass sie st\u00e4ndig ein schlechtes Gewissen den eigenen Kindern oder dem Partner gegen\u00fcber plagt und sie dies in allem begleitet und blockiert.<\/span><\/p>\n<p><span style=\"color: #361b02;\">Der \u201cBasics for Life\u201c &#8211; Coach begleitet die Klientin in das Gef\u00fchl, welches sie so belastet: das schlechte Gewissen. W\u00e4hrend der &#8222;Basics for Life&#8220; &#8211; Coach mit der Klientin arbeitet, beobachtet die Klientin ihren K\u00f6rper und die auftretenden Emotionen von innen heraus und geht gedanklich immer wieder in den Satz oder in die Situation, die das Ursprungsgef\u00fchl hervorgerufen hat.<\/span><\/p>\n<p><span style=\"color: #361b02;\">W\u00e4hrend sie dies tut, verbindet sich der \u201cBasics for Life\u201c &#8211; Coach mit dem Energiefeld der Klientin, mit der Intention, alles sichtbar zu machen, was mit dem schlechten Gewissen zusammenh\u00e4ngt. Beide, Klientin und Coach, haben die Intention, dieses schlechte Gef\u00fchl aufzul\u00f6sen.<\/span><\/p>\n<p><span style=\"color: #361b02;\">Der \u201cBasics for Life\u201c &#8211; Coach notiert nun all die Dinge, die er\/sie im Energiefeld der Klientin wahrnimmt, um diese sichtbar gewordenen Blockaden zu l\u00f6sen.<\/span><\/p>\n<p><span style=\"color: #361b02;\">Nach der energetischen Arbeit gibt es ein Nachgespr\u00e4ch, welches ein wichtiger Teil einer \u201cBasics for Life\u201c &#8211; Sitzung ist.<\/span><\/p>\n<p><span style=\"color: #361b02;\">In vereinzelten Sitzungen habe ich es sogar erlebt, dass das Gef\u00fchl w\u00e4hrend der Sitzung so stark wurde, dass die Klient(inn(en) schreien mussten. Man kann sich vorstellen, dass sie nicht in der Lage waren, dieses Gef\u00fchl in dieser Intensit\u00e4t alleine zuzulassen.<\/span><\/p>\n<p><span style=\"color: #361b02;\">Aber genau dieses Zulassen ist ein Teil der Heilung.<\/span><\/p>\n<p><span style=\"color: #361b02;\">Wer w\u00e4rst Du, wenn Du in allen Lebenslagen wirklich authentisch sein k\u00f6nntest?\u00a0<\/span><\/p>\n<p><span style=\"color: #361b02;\">Wenn Du in Dir den Ruf versp\u00fcrst, etwas tiefgreifend zu ver\u00e4ndern und mit verschiedenen Dingen in Frieden zu kommen, die Dich bis dahin abgehalten haben, bzw. wenn Du die ganze Zeit nur mit K\u00e4mpfen besch\u00e4ftigt bist, warte nicht weiter, bis sich zuf\u00e4llig ver\u00e4ndert, sondern \u00fcbernimm die Verantwortung und buche eine Sitzung.\u00a0<\/span><\/p>\n<p><span style=\"color: #361b02;\"><a style=\"color: #361b02;\" href=\"https:\/\/www.basicsforlife.de\/kontakt\/\" target=\"_blank\" rel=\"noopener\"><em>Basics for Life Coaching buchen.<\/em><\/a><\/span><\/p>\n<p><span style=\"color: #361b02;\">Ich w\u00fcrde mich freuen, Dich auf dem Weg zu begleiten.\u00a0<\/span><\/p>\n<p><span style=\"color: #361b02;\">Alles Liebe f\u00fcr Dich<\/span><\/p>\n<p><span style=\"color: #361b02;\">Alexandra<\/span><\/p>\n","protected":false},"excerpt":{"rendered":"<p>&#8222;Basics for Life&#8220; &#8211; Coaching in Hofheim am Taunus Wie sch\u00f6n, dass Du zu uns gefunden hast. Wie oft hast Du versucht, Deine Thematik mit dem Kopf zu l\u00f6sen? Ich vermute sehr oft, aber es hat nicht geklappt. Oder jedenfalls &hellip; <a href=\"https:\/\/www.basicsforlife.de\/Hofheim\/coaching-hofheim\/\">Weiterlesen <span class=\"meta-nav\">&rarr;<\/span><\/a><\/p>\n","protected":false},"author":2,"featured_media":0,"parent":0,"menu_order":0,"comment_status":"closed","ping_status":"closed","template":"","meta":{"footnotes":""},"class_list":["post-1170","page","type-page","status-publish","hentry"],"_links":{"self":[{"href":"https:\/\/www.basicsforlife.de\/Hofheim\/wp-json\/wp\/v2\/pages\/1170","targetHints":{"allow":["GET"]}}],"collection":[{"href":"https:\/\/www.basicsforlife.de\/Hofheim\/wp-json\/wp\/v2\/pages"}],"about":[{"href":"https:\/\/www.basicsforlife.de\/Hofheim\/wp-json\/wp\/v2\/types\/page"}],"author":[{"embeddable":true,"href":"https:\/\/www.basicsforlife.de\/Hofheim\/wp-json\/wp\/v2\/users\/2"}],"replies":[{"embeddable":true,"href":"https:\/\/www.basicsforlife.de\/Hofheim\/wp-json\/wp\/v2\/comments?post=1170"}],"version-history":[{"count":20,"href":"https:\/\/www.basicsforlife.de\/Hofheim\/wp-json\/wp\/v2\/pages\/1170\/revisions"}],"predecessor-version":[{"id":2855,"href":"https:\/\/www.basicsforlife.de\/Hofheim\/wp-json\/wp\/v2\/pages\/1170\/revisions\/2855"}],"wp:attachment":[{"href":"https:\/\/www.basicsforlife.de\/Hofheim\/wp-json\/wp\/v2\/media?parent=1170"}],"curies":[{"name":"wp","href":"https:\/\/api.w.org\/{rel}","templated":true}]}}