{"id":1071,"date":"2018-06-08T16:42:45","date_gmt":"2018-06-08T14:42:45","guid":{"rendered":"http:\/\/basicsforlife.de\/?page_id=1071"},"modified":"2022-05-19T22:41:29","modified_gmt":"2022-05-19T20:41:29","slug":"das-wunder-der-stille","status":"publish","type":"page","link":"https:\/\/www.basicsforlife.de\/Hofheim\/das-wunder-der-stille\/","title":{"rendered":"Das Wunder der Stille"},"content":{"rendered":"<div>\n<div><span style=\"color: #361b02;\">Die Pr\u00e4senz der Stille war f\u00fcr mich ein gro\u00dfer Aktivator im Jahr 2018. Genau aus diesem Grund m\u00f6chte ich Euch ein paar gef\u00fchrte Tage mit mir in Stille anbieten.\u00a0<\/span><\/div>\n<div><span style=\"color: #361b02;\"> 4,5 Tage mit absolut niemandem zu sprechen, noch nicht mal mit dem Hotelpersonal, nicht aufs Handy zu schauen und nur zu f\u00fchlen, dass ich all dies gern tun w\u00fcrde, hat einen richtigen Raum in mir ge\u00f6ffnet. Als ich dann nach dieser Zeit wieder mit Menschen gesprochen habe, konnte ich alles mit etwas Abstand betrachten und dabei aber gleichzeitig mit den Menschen verbunden sein. Das war wirklich sehr interessant. In einigen Lehren wird immer wieder betont, sich auf den \u201eRaum\u00a0dazwischen\u201c zu konzentrieren, also z.B. auf das Blaue am Himmel, auch wenn der Himmel zu 80% bew\u00f6lkt ist. Hier habe ich das erste Mal erfahren, dass diese Art zu Denken auch ganz normal sein kann, man sieht nur die R\u00e4ume dazwischen, reagiert automatisch anders und ich reagiere auf einiges nicht so, wie ich es zuvor getan habe. Das ist wirklich eine grandiose Erfahrung, die ich Euch allen w\u00fcnsche!\u00a0<\/span><\/div>\n<div><span style=\"color: #361b02;\">Es ist noch viel, viel mehr passiert, was ich gar nicht alles genau beschreiben kann. Es wurde ein richtiger Prozess in mir losgetreten. Kein Ablenkung im Au\u00dfen&#8230; kein Fliehen vor mir selbst \ud83d\ude42\u00a0<\/span><\/div>\n<div><span style=\"color: #361b02;\">Ihr werdet an diesen Tagen von mir durch diverse Meditationen gef\u00fchrt, um ganz tief zu Euch selbst zu gelangen. In der kompletten restlichen Zeit, werdet ihr nicht sprechen und mit Euch selbst sein.\u00a0<\/span><\/div>\n<div><span style=\"color: #361b02;\">Neben den tiefen Meditationen werden Yoga und diverse andere heilsame -Techniken den Prozess erg\u00e4nzen.\u00a0Zur Zeit gibt es noch keinen neuen Termin f\u00fcr das n\u00e4chste Stille Retreat. <\/span><\/div>\n<div><\/div>\n<div><span style=\"color: #361b02;\">Bei Interesse schreibe uns gerne eine Mail, dann k\u00f6nnen wir Dich umgehend informieren, sobald wir N\u00e4heres wissen.\u00a0<\/span><\/div>\n<\/div>\n<div>\n<div><span style=\"color: #361b02;\">Preis\u00a0<strong>560<\/strong><b>\u00a0\u20ac inkl MwSt <\/b>plus Unterkunft und Verpflegung.<\/span><\/div>\n<div><\/div>\n<div><span style=\"color: #361b02;\">Hier geht es zur <a href=\"https:\/\/www.basicsforlife.de\/Hofheim\/anmeldung-basics-for-life\/\" target=\"_blank\" rel=\"noopener\"><strong>Anmeldung.<\/strong><\/a><\/span><\/div>\n<\/div>\n","protected":false},"excerpt":{"rendered":"<p>Die Pr\u00e4senz der Stille war f\u00fcr mich ein gro\u00dfer Aktivator im Jahr 2018. Genau aus diesem Grund m\u00f6chte ich Euch ein paar gef\u00fchrte Tage mit mir in Stille anbieten.\u00a0 4,5 Tage mit absolut niemandem zu sprechen, noch nicht mal mit &hellip; <a href=\"https:\/\/www.basicsforlife.de\/Hofheim\/das-wunder-der-stille\/\">Weiterlesen <span class=\"meta-nav\">&rarr;<\/span><\/a><\/p>\n","protected":false},"author":2,"featured_media":0,"parent":0,"menu_order":0,"comment_status":"closed","ping_status":"closed","template":"","meta":{"footnotes":""},"class_list":["post-1071","page","type-page","status-publish","hentry"],"_links":{"self":[{"href":"https:\/\/www.basicsforlife.de\/Hofheim\/wp-json\/wp\/v2\/pages\/1071","targetHints":{"allow":["GET"]}}],"collection":[{"href":"https:\/\/www.basicsforlife.de\/Hofheim\/wp-json\/wp\/v2\/pages"}],"about":[{"href":"https:\/\/www.basicsforlife.de\/Hofheim\/wp-json\/wp\/v2\/types\/page"}],"author":[{"embeddable":true,"href":"https:\/\/www.basicsforlife.de\/Hofheim\/wp-json\/wp\/v2\/users\/2"}],"replies":[{"embeddable":true,"href":"https:\/\/www.basicsforlife.de\/Hofheim\/wp-json\/wp\/v2\/comments?post=1071"}],"version-history":[{"count":16,"href":"https:\/\/www.basicsforlife.de\/Hofheim\/wp-json\/wp\/v2\/pages\/1071\/revisions"}],"predecessor-version":[{"id":2454,"href":"https:\/\/www.basicsforlife.de\/Hofheim\/wp-json\/wp\/v2\/pages\/1071\/revisions\/2454"}],"wp:attachment":[{"href":"https:\/\/www.basicsforlife.de\/Hofheim\/wp-json\/wp\/v2\/media?parent=1071"}],"curies":[{"name":"wp","href":"https:\/\/api.w.org\/{rel}","templated":true}]}}