{"id":1024,"date":"2018-05-14T22:18:10","date_gmt":"2018-05-14T20:18:10","guid":{"rendered":"http:\/\/basicsforlife.de\/?page_id=1024"},"modified":"2022-04-21T16:57:44","modified_gmt":"2022-04-21T14:57:44","slug":"newsletter","status":"publish","type":"page","link":"https:\/\/www.basicsforlife.de\/Hofheim\/newsletter\/","title":{"rendered":"Newsletter"},"content":{"rendered":"<p>Das &#8222;Basics for Life&#8220; -Team schickt regelm\u00e4\u00dfig Informationen \u00fcber Energiearbeit, kommende Veranstaltungen aber auch Neuigkeiten an Interessierte.<\/p>\n<p>Wenn Du gerne dabei sein m\u00f6chtest, trage Dich gerne hier ein:<\/p>\n\n<div class=\"wpcf7 no-js\" id=\"wpcf7-f2344-o1\" lang=\"de-DE\" dir=\"ltr\" data-wpcf7-id=\"2344\">\n<div class=\"screen-reader-response\"><p role=\"status\" aria-live=\"polite\" aria-atomic=\"true\"><\/p> <ul><\/ul><\/div>\n<form action=\"\/Hofheim\/wp-json\/wp\/v2\/pages\/1024#wpcf7-f2344-o1\" method=\"post\" class=\"wpcf7-form init\" aria-label=\"Kontaktformular\" novalidate=\"novalidate\" data-status=\"init\">\n<fieldset class=\"hidden-fields-container\"><input type=\"hidden\" name=\"_wpcf7\" value=\"2344\" \/><input type=\"hidden\" name=\"_wpcf7_version\" value=\"6.1.5\" \/><input type=\"hidden\" name=\"_wpcf7_locale\" value=\"de_DE\" \/><input type=\"hidden\" name=\"_wpcf7_unit_tag\" value=\"wpcf7-f2344-o1\" \/><input type=\"hidden\" name=\"_wpcf7_container_post\" value=\"0\" \/><input type=\"hidden\" name=\"_wpcf7_posted_data_hash\" value=\"\" \/>\n<\/fieldset>\n<p>Hiermit m\u00f6chte ich mich f\u00fcr den Newsletter anmelden:\n<\/p>\n<p><label> Dein Name<br \/>\n<span class=\"wpcf7-form-control-wrap\" data-name=\"your-name\"><input size=\"40\" maxlength=\"400\" class=\"wpcf7-form-control wpcf7-text wpcf7-validates-as-required\" aria-required=\"true\" aria-invalid=\"false\" value=\"\" type=\"text\" name=\"your-name\" \/><\/span> <\/label>\n<\/p>\n<p><label> Deine E-Mail-Adresse<br \/>\n<span class=\"wpcf7-form-control-wrap\" data-name=\"your-email\"><input size=\"40\" maxlength=\"400\" class=\"wpcf7-form-control wpcf7-email wpcf7-validates-as-required wpcf7-text wpcf7-validates-as-email\" aria-required=\"true\" aria-invalid=\"false\" value=\"\" type=\"email\" name=\"your-email\" \/><\/span> <\/label>\n<\/p>\n<p><input class=\"wpcf7-form-control wpcf7-submit has-spinner\" type=\"submit\" value=\"Senden\" \/>\n<\/p><p style=\"display: none !important;\" class=\"akismet-fields-container\" data-prefix=\"_wpcf7_ak_\"><label>&#916;<textarea name=\"_wpcf7_ak_hp_textarea\" cols=\"45\" rows=\"8\" maxlength=\"100\"><\/textarea><\/label><input type=\"hidden\" id=\"ak_js_1\" name=\"_wpcf7_ak_js\" value=\"164\"\/><script>document.getElementById( \"ak_js_1\" ).setAttribute( \"value\", ( new Date() ).getTime() );<\/script><\/p><div class=\"wpcf7-response-output\" aria-hidden=\"true\"><\/div>\n<\/form>\n<\/div>\n\n<p>Nat\u00fcrlich kannst Du Dich jederzeit wieder via Mail abmelden.<\/p>\n<p>Deine Daten werden wir selbstverst\u00e4ndlich vertraulich behandeln. N\u00e4here Informationen zur Datenschutzerkl\u00e4rung findest Du <em><a href=\"http:\/\/basicsforlife.de\/datenschutzerklaerung\/\" target=\"_blank\" rel=\"noopener\">hier<\/a>.<\/em><\/p>\n<p><strong>Dein \u201eBasics for Life\u201c-Team<\/strong><\/p>\n","protected":false},"excerpt":{"rendered":"<p>Das &#8222;Basics for Life&#8220; -Team schickt regelm\u00e4\u00dfig Informationen \u00fcber Energiearbeit, kommende Veranstaltungen aber auch Neuigkeiten an Interessierte. Wenn Du gerne dabei sein m\u00f6chtest, trage Dich gerne hier ein: Nat\u00fcrlich kannst Du Dich jederzeit wieder via Mail abmelden. Deine Daten werden &hellip; <a href=\"https:\/\/www.basicsforlife.de\/Hofheim\/newsletter\/\">Weiterlesen <span class=\"meta-nav\">&rarr;<\/span><\/a><\/p>\n","protected":false},"author":2,"featured_media":0,"parent":0,"menu_order":0,"comment_status":"closed","ping_status":"closed","template":"","meta":{"footnotes":""},"class_list":["post-1024","page","type-page","status-publish","hentry"],"_links":{"self":[{"href":"https:\/\/www.basicsforlife.de\/Hofheim\/wp-json\/wp\/v2\/pages\/1024","targetHints":{"allow":["GET"]}}],"collection":[{"href":"https:\/\/www.basicsforlife.de\/Hofheim\/wp-json\/wp\/v2\/pages"}],"about":[{"href":"https:\/\/www.basicsforlife.de\/Hofheim\/wp-json\/wp\/v2\/types\/page"}],"author":[{"embeddable":true,"href":"https:\/\/www.basicsforlife.de\/Hofheim\/wp-json\/wp\/v2\/users\/2"}],"replies":[{"embeddable":true,"href":"https:\/\/www.basicsforlife.de\/Hofheim\/wp-json\/wp\/v2\/comments?post=1024"}],"version-history":[{"count":7,"href":"https:\/\/www.basicsforlife.de\/Hofheim\/wp-json\/wp\/v2\/pages\/1024\/revisions"}],"predecessor-version":[{"id":2347,"href":"https:\/\/www.basicsforlife.de\/Hofheim\/wp-json\/wp\/v2\/pages\/1024\/revisions\/2347"}],"wp:attachment":[{"href":"https:\/\/www.basicsforlife.de\/Hofheim\/wp-json\/wp\/v2\/media?parent=1024"}],"curies":[{"name":"wp","href":"https:\/\/api.w.org\/{rel}","templated":true}]}}